{"id":4600,"date":"2024-01-10T15:46:44","date_gmt":"2024-01-10T20:46:44","guid":{"rendered":"https:\/\/www.smartbizconsultingmd.com\/?page_id=4600"},"modified":"2024-04-06T10:38:34","modified_gmt":"2024-04-06T14:38:34","slug":"services","status":"publish","type":"page","link":"https:\/\/smartbizconsultingmd.com\/espanol\/services\/","title":{"rendered":"Services"},"content":{"rendered":"\t\t<div data-elementor-type=\"wp-page\" data-elementor-id=\"4600\" class=\"elementor elementor-4600\">\n\t\t\t\t<div class=\"elementor-element elementor-element-021623b e-flex e-con-boxed e-con e-parent\" data-id=\"021623b\" data-element_type=\"container\" data-e-type=\"container\">\n\t\t\t\t\t<div class=\"e-con-inner\">\n\t\t<div class=\"elementor-element elementor-element-b6bf663 e-con-full e-flex e-con e-child\" data-id=\"b6bf663\" data-element_type=\"container\" data-e-type=\"container\">\n\t\t\t\t<div class=\"elementor-element elementor-element-1dbdf28 elementor-widget elementor-widget-heading\" data-id=\"1dbdf28\" data-element_type=\"widget\" data-e-type=\"widget\" data-widget_type=\"heading.default\">\n\t\t\t\t<div class=\"elementor-widget-container\">\n\t\t\t\t\t<h2 class=\"elementor-heading-title elementor-size-default\">Nuestros Servicios: somos m\u00e1s que solo dise\u00f1adores web<\/h2>\t\t\t\t<\/div>\n\t\t\t\t<\/div>\n\t\t\t\t<div class=\"elementor-element elementor-element-4167202 elementor-widget elementor-widget-text-editor\" data-id=\"4167202\" data-element_type=\"widget\" data-e-type=\"widget\" data-widget_type=\"text-editor.default\">\n\t\t\t\t<div class=\"elementor-widget-container\">\n\t\t\t\t\t\t\t\t\t<p>Smart Business Consulting ofrece una amplia gama de servicios dise\u00f1ados para potenciar a las empresas en la navegaci\u00f3n del panorama digital y maximizar su potencial de \u00e9xito. Con experiencia en dise\u00f1o web, nuestro equipo crea sitios web visualmente atractivos y f\u00e1ciles de usar que sirven como herramientas poderosas para involucrar a los clientes y aumentar las conversiones. A trav\u00e9s de t\u00e9cnicas de SEO estrat\u00e9gicas, mejoramos la visibilidad en l\u00ednea, asegurando que los sitios web de los clientes se clasifiquen prominentemente en los resultados de b\u00fasqueda. Adem\u00e1s, nuestros servicios de gesti\u00f3n de presencia en redes sociales aprovechan el poder de diversas plataformas para amplificar el conocimiento de la marca y fomentar conexiones significativas con las audiencias objetivo. Complementando estas estrategias digitales, nuestros programas de capacitaci\u00f3n en ventas dotan a los equipos con las habilidades y t\u00e9cnicas necesarias para sobresalir en el impulso del crecimiento de ingresos y la forja de relaciones duraderas con los clientes. Adem\u00e1s, nuestros servicios de consultor\u00eda para peque\u00f1as empresas brindan orientaci\u00f3n y apoyo personalizado, capacitando a los empresarios para superar desaf\u00edos, capitalizar oportunidades y lograr un crecimiento sostenible. En Smart Business Consulting, estamos comprometidos a ofrecer soluciones personalizadas que impulsen a las empresas hacia sus objetivos en el din\u00e1mico mercado actual. Dise\u00f1o web, SEO, presencia en redes sociales, capacitaci\u00f3n en ventas, consultor\u00eda para peque\u00f1as empresas.<\/p>\t\t\t\t\t\t\t\t<\/div>\n\t\t\t\t<\/div>\n\t\t\t\t<\/div>\n\t\t<div class=\"elementor-element elementor-element-7d13039 e-con-full e-flex e-con e-child\" data-id=\"7d13039\" data-element_type=\"container\" data-e-type=\"container\">\n\t\t\t\t<div class=\"elementor-element elementor-element-7d428da elementor-widget elementor-widget-image\" data-id=\"7d428da\" data-element_type=\"widget\" data-e-type=\"widget\" data-widget_type=\"image.default\">\n\t\t\t\t<div class=\"elementor-widget-container\">\n\t\t\t\t\t\t\t\t\t\t\t\t\t\t\t<img decoding=\"async\" width=\"1\" height=\"1\" src=\"https:\/\/smartbizconsultingmd.com\/espanol\/wp-content\/uploads\/2024\/01\/s-2.svg\" class=\"attachment-large size-large wp-image-4496\" alt=\"\" \/>\t\t\t\t\t\t\t\t\t\t\t\t\t\t\t<\/div>\n\t\t\t\t<\/div>\n\t\t<div class=\"elementor-element elementor-element-d9813fb e-flex e-con-boxed e-con e-child\" data-id=\"d9813fb\" data-element_type=\"container\" data-e-type=\"container\">\n\t\t\t\t\t<div class=\"e-con-inner\">\n\t\t\t\t<div class=\"elementor-element elementor-element-523e53e elementor-invisible elementor-widget elementor-widget-button\" data-id=\"523e53e\" data-element_type=\"widget\" data-e-type=\"widget\" data-settings=\"{&quot;_animation&quot;:&quot;zoomIn&quot;}\" data-widget_type=\"button.default\">\n\t\t\t\t<div class=\"elementor-widget-container\">\n\t\t\t\t\t\t\t\t\t<div class=\"elementor-button-wrapper\">\n\t\t\t\t\t<a class=\"elementor-button elementor-button-link elementor-size-sm\" href=\"https:\/\/smartbizconsultingmd.com\/espanol\/about-us\/\">\n\t\t\t\t\t\t<span class=\"elementor-button-content-wrapper\">\n\t\t\t\t\t\t\t\t\t<span class=\"elementor-button-text\">Contactar<\/span>\n\t\t\t\t\t<\/span>\n\t\t\t\t\t<\/a>\n\t\t\t\t<\/div>\n\t\t\t\t\t\t\t\t<\/div>\n\t\t\t\t<\/div>\n\t\t\t\t<div class=\"elementor-element elementor-element-c3b08a9 elementor-invisible elementor-widget elementor-widget-button\" data-id=\"c3b08a9\" data-element_type=\"widget\" data-e-type=\"widget\" data-settings=\"{&quot;_animation&quot;:&quot;zoomIn&quot;}\" data-widget_type=\"button.default\">\n\t\t\t\t<div class=\"elementor-widget-container\">\n\t\t\t\t\t\t\t\t\t<div class=\"elementor-button-wrapper\">\n\t\t\t\t\t<a class=\"elementor-button elementor-button-link elementor-size-sm\" href=\"https:\/\/smartbizconsultingmd.com\/espanol\/about-us\/\">\n\t\t\t\t\t\t<span class=\"elementor-button-content-wrapper\">\n\t\t\t\t\t\t\t\t\t<span class=\"elementor-button-text\">Estimatado Gratuito<\/span>\n\t\t\t\t\t<\/span>\n\t\t\t\t\t<\/a>\n\t\t\t\t<\/div>\n\t\t\t\t\t\t\t\t<\/div>\n\t\t\t\t<\/div>\n\t\t\t\t\t<\/div>\n\t\t\t\t<\/div>\n\t\t\t\t<div class=\"elementor-element elementor-element-c62f935 elementor-widget elementor-widget-heading\" data-id=\"c62f935\" data-element_type=\"widget\" data-e-type=\"widget\" data-widget_type=\"heading.default\">\n\t\t\t\t<div class=\"elementor-widget-container\">\n\t\t\t\t\t<h2 class=\"elementor-heading-title elementor-size-default\">443-571-7059<\/h2>\t\t\t\t<\/div>\n\t\t\t\t<\/div>\n\t\t\t\t<\/div>\n\t\t\t\t\t<\/div>\n\t\t\t\t<\/div>\n\t\t\t\t<\/div>\n\t\t","protected":false},"excerpt":{"rendered":"<p>Nuestros Servicios: somos m\u00e1s que solo dise\u00f1adores web Smart Business Consulting ofrece una amplia gama de servicios dise\u00f1ados para potenciar a las empresas en la navegaci\u00f3n del panorama digital y maximizar su potencial de \u00e9xito. Con experiencia en dise\u00f1o web, nuestro equipo crea sitios web visualmente atractivos y f\u00e1ciles de usar que sirven como herramientas [&hellip;]<\/p>\n","protected":false},"author":1,"featured_media":0,"parent":0,"menu_order":0,"comment_status":"closed","ping_status":"closed","template":"","meta":{"_gutenify_countdown_timer_type":"fixed","_gutenify_countdown_timer_evergreen_hours":24,"_gutenify_countdown_timer_evergreen_minutes":0,"_gutenify_countdown_timer_date":"","_gutenify_countdown_timer_timezone":"US\/Eastern","_gutenify_countdown_timer_end_action":"none","_gutenify_countdown_timer_hide_selector":"","_gutenify_countdown_timer_redirect_url":"","_glsr_average":0,"_glsr_ranking":0,"_glsr_reviews":0,"footnotes":""},"class_list":["post-4600","page","type-page","status-publish","hentry"],"blocksy_meta":[],"yoast_head":"<!-- This site is optimized with the Yoast SEO plugin v27.5 - https:\/\/yoast.com\/product\/yoast-seo-wordpress\/ -->\n<title>Services | Dise\u00f1ador de Paginas Web<\/title>\n<meta name=\"robots\" content=\"index, follow, max-snippet:-1, max-image-preview:large, max-video-preview:-1\" \/>\n<link rel=\"canonical\" href=\"https:\/\/smartbizconsultingmd.com\/espanol\/services\/\" \/>\n<meta property=\"og:locale\" content=\"en_US\" \/>\n<meta property=\"og:type\" content=\"article\" \/>\n<meta property=\"og:title\" content=\"Services | Dise\u00f1ador de Paginas Web\" \/>\n<meta property=\"og:description\" content=\"Nuestros Servicios: somos m\u00e1s que solo dise\u00f1adores web Smart Business Consulting ofrece una amplia gama de servicios dise\u00f1ados para potenciar a las empresas en la navegaci\u00f3n del panorama digital y maximizar su potencial de \u00e9xito. Con experiencia en dise\u00f1o web, nuestro equipo crea sitios web visualmente atractivos y f\u00e1ciles de usar que sirven como herramientas [&hellip;]\" \/>\n<meta property=\"og:url\" content=\"https:\/\/smartbizconsultingmd.com\/espanol\/services\/\" \/>\n<meta property=\"og:site_name\" content=\"Dise\u00f1ador de Paginas Web\" \/>\n<meta property=\"article:publisher\" content=\"https:\/\/www.facebook.com\/profile.php?id=100090052874257\" \/>\n<meta property=\"article:modified_time\" content=\"2024-04-06T14:38:34+00:00\" \/>\n<meta property=\"og:image\" content=\"https:\/\/smartbizconsultingmd.com\/espanol\/wp-content\/uploads\/2024\/01\/s-2.svg\" \/>\n<meta name=\"twitter:card\" content=\"summary_large_image\" \/>\n<meta name=\"twitter:label1\" content=\"Est. reading time\" \/>\n\t<meta name=\"twitter:data1\" content=\"2 minutes\" \/>\n<script type=\"application\/ld+json\" class=\"yoast-schema-graph\">{\"@context\":\"https:\\\/\\\/schema.org\",\"@graph\":[{\"@type\":\"WebPage\",\"@id\":\"https:\\\/\\\/smartbizconsultingmd.com\\\/espanol\\\/services\\\/\",\"url\":\"https:\\\/\\\/smartbizconsultingmd.com\\\/espanol\\\/services\\\/\",\"name\":\"Services | Dise\u00f1ador de Paginas Web\",\"isPartOf\":{\"@id\":\"https:\\\/\\\/smartbizconsultingmd.com\\\/espanol\\\/#website\"},\"primaryImageOfPage\":{\"@id\":\"https:\\\/\\\/smartbizconsultingmd.com\\\/espanol\\\/services\\\/#primaryimage\"},\"image\":{\"@id\":\"https:\\\/\\\/smartbizconsultingmd.com\\\/espanol\\\/services\\\/#primaryimage\"},\"thumbnailUrl\":\"https:\\\/\\\/smartbizconsultingmd.com\\\/espanol\\\/wp-content\\\/uploads\\\/2024\\\/01\\\/s-2.svg\",\"datePublished\":\"2024-01-10T20:46:44+00:00\",\"dateModified\":\"2024-04-06T14:38:34+00:00\",\"breadcrumb\":{\"@id\":\"https:\\\/\\\/smartbizconsultingmd.com\\\/espanol\\\/services\\\/#breadcrumb\"},\"inLanguage\":\"en-US\",\"potentialAction\":[{\"@type\":\"ReadAction\",\"target\":[\"https:\\\/\\\/smartbizconsultingmd.com\\\/espanol\\\/services\\\/\"]}]},{\"@type\":\"ImageObject\",\"inLanguage\":\"en-US\",\"@id\":\"https:\\\/\\\/smartbizconsultingmd.com\\\/espanol\\\/services\\\/#primaryimage\",\"url\":\"https:\\\/\\\/smartbizconsultingmd.com\\\/espanol\\\/wp-content\\\/uploads\\\/2024\\\/01\\\/s-2.svg\",\"contentUrl\":\"https:\\\/\\\/smartbizconsultingmd.com\\\/espanol\\\/wp-content\\\/uploads\\\/2024\\\/01\\\/s-2.svg\"},{\"@type\":\"BreadcrumbList\",\"@id\":\"https:\\\/\\\/smartbizconsultingmd.com\\\/espanol\\\/services\\\/#breadcrumb\",\"itemListElement\":[{\"@type\":\"ListItem\",\"position\":1,\"name\":\"Home\",\"item\":\"https:\\\/\\\/smartbizconsultingmd.com\\\/espanol\\\/\"},{\"@type\":\"ListItem\",\"position\":2,\"name\":\"Services\"}]},{\"@type\":\"WebSite\",\"@id\":\"https:\\\/\\\/smartbizconsultingmd.com\\\/espanol\\\/#website\",\"url\":\"https:\\\/\\\/smartbizconsultingmd.com\\\/espanol\\\/\",\"name\":\"Smart Business Consulting\",\"description\":\"Smart Business Consulting LLC\",\"publisher\":{\"@id\":\"https:\\\/\\\/smartbizconsultingmd.com\\\/espanol\\\/#organization\"},\"alternateName\":\"Smart\",\"potentialAction\":[{\"@type\":\"SearchAction\",\"target\":{\"@type\":\"EntryPoint\",\"urlTemplate\":\"https:\\\/\\\/smartbizconsultingmd.com\\\/espanol\\\/?s={search_term_string}\"},\"query-input\":{\"@type\":\"PropertyValueSpecification\",\"valueRequired\":true,\"valueName\":\"search_term_string\"}}],\"inLanguage\":\"en-US\"},{\"@type\":\"Organization\",\"@id\":\"https:\\\/\\\/smartbizconsultingmd.com\\\/espanol\\\/#organization\",\"name\":\"Smart Business Consulting\",\"url\":\"https:\\\/\\\/smartbizconsultingmd.com\\\/espanol\\\/\",\"logo\":{\"@type\":\"ImageObject\",\"inLanguage\":\"en-US\",\"@id\":\"https:\\\/\\\/smartbizconsultingmd.com\\\/espanol\\\/#\\\/schema\\\/logo\\\/image\\\/\",\"url\":\"https:\\\/\\\/smartbizconsultingmd.com\\\/espanol\\\/wp-content\\\/uploads\\\/2024\\\/01\\\/Smart-Business-Consulting-Icon.png\",\"contentUrl\":\"https:\\\/\\\/smartbizconsultingmd.com\\\/espanol\\\/wp-content\\\/uploads\\\/2024\\\/01\\\/Smart-Business-Consulting-Icon.png\",\"width\":326,\"height\":176,\"caption\":\"Smart Business Consulting\"},\"image\":{\"@id\":\"https:\\\/\\\/smartbizconsultingmd.com\\\/espanol\\\/#\\\/schema\\\/logo\\\/image\\\/\"},\"sameAs\":[\"https:\\\/\\\/www.facebook.com\\\/profile.php?id=100090052874257\",\"https:\\\/\\\/www.youtube.com\\\/channel\\\/UCzWmRjSDizrsOhQEcMiAYPw\",\"https:\\\/\\\/www.linkedin.com\\\/company\\\/91180779\\\/admin\\\/feed\\\/posts\\\/\"]}]}<\/script>\n<!-- \/ Yoast SEO plugin. -->","yoast_head_json":{"title":"Services | Dise\u00f1ador de Paginas Web","robots":{"index":"index","follow":"follow","max-snippet":"max-snippet:-1","max-image-preview":"max-image-preview:large","max-video-preview":"max-video-preview:-1"},"canonical":"https:\/\/smartbizconsultingmd.com\/espanol\/services\/","og_locale":"en_US","og_type":"article","og_title":"Services | Dise\u00f1ador de Paginas Web","og_description":"Nuestros Servicios: somos m\u00e1s que solo dise\u00f1adores web Smart Business Consulting ofrece una amplia gama de servicios dise\u00f1ados para potenciar a las empresas en la navegaci\u00f3n del panorama digital y maximizar su potencial de \u00e9xito. Con experiencia en dise\u00f1o web, nuestro equipo crea sitios web visualmente atractivos y f\u00e1ciles de usar que sirven como herramientas [&hellip;]","og_url":"https:\/\/smartbizconsultingmd.com\/espanol\/services\/","og_site_name":"Dise\u00f1ador de Paginas Web","article_publisher":"https:\/\/www.facebook.com\/profile.php?id=100090052874257","article_modified_time":"2024-04-06T14:38:34+00:00","og_image":[{"url":"https:\/\/smartbizconsultingmd.com\/espanol\/wp-content\/uploads\/2024\/01\/s-2.svg","type":"","width":"","height":""}],"twitter_card":"summary_large_image","twitter_misc":{"Est. reading time":"2 minutes"},"schema":{"@context":"https:\/\/schema.org","@graph":[{"@type":"WebPage","@id":"https:\/\/smartbizconsultingmd.com\/espanol\/services\/","url":"https:\/\/smartbizconsultingmd.com\/espanol\/services\/","name":"Services | Dise\u00f1ador de Paginas Web","isPartOf":{"@id":"https:\/\/smartbizconsultingmd.com\/espanol\/#website"},"primaryImageOfPage":{"@id":"https:\/\/smartbizconsultingmd.com\/espanol\/services\/#primaryimage"},"image":{"@id":"https:\/\/smartbizconsultingmd.com\/espanol\/services\/#primaryimage"},"thumbnailUrl":"https:\/\/smartbizconsultingmd.com\/espanol\/wp-content\/uploads\/2024\/01\/s-2.svg","datePublished":"2024-01-10T20:46:44+00:00","dateModified":"2024-04-06T14:38:34+00:00","breadcrumb":{"@id":"https:\/\/smartbizconsultingmd.com\/espanol\/services\/#breadcrumb"},"inLanguage":"en-US","potentialAction":[{"@type":"ReadAction","target":["https:\/\/smartbizconsultingmd.com\/espanol\/services\/"]}]},{"@type":"ImageObject","inLanguage":"en-US","@id":"https:\/\/smartbizconsultingmd.com\/espanol\/services\/#primaryimage","url":"https:\/\/smartbizconsultingmd.com\/espanol\/wp-content\/uploads\/2024\/01\/s-2.svg","contentUrl":"https:\/\/smartbizconsultingmd.com\/espanol\/wp-content\/uploads\/2024\/01\/s-2.svg"},{"@type":"BreadcrumbList","@id":"https:\/\/smartbizconsultingmd.com\/espanol\/services\/#breadcrumb","itemListElement":[{"@type":"ListItem","position":1,"name":"Home","item":"https:\/\/smartbizconsultingmd.com\/espanol\/"},{"@type":"ListItem","position":2,"name":"Services"}]},{"@type":"WebSite","@id":"https:\/\/smartbizconsultingmd.com\/espanol\/#website","url":"https:\/\/smartbizconsultingmd.com\/espanol\/","name":"Smart Business Consulting","description":"Smart Business Consulting LLC","publisher":{"@id":"https:\/\/smartbizconsultingmd.com\/espanol\/#organization"},"alternateName":"Smart","potentialAction":[{"@type":"SearchAction","target":{"@type":"EntryPoint","urlTemplate":"https:\/\/smartbizconsultingmd.com\/espanol\/?s={search_term_string}"},"query-input":{"@type":"PropertyValueSpecification","valueRequired":true,"valueName":"search_term_string"}}],"inLanguage":"en-US"},{"@type":"Organization","@id":"https:\/\/smartbizconsultingmd.com\/espanol\/#organization","name":"Smart Business Consulting","url":"https:\/\/smartbizconsultingmd.com\/espanol\/","logo":{"@type":"ImageObject","inLanguage":"en-US","@id":"https:\/\/smartbizconsultingmd.com\/espanol\/#\/schema\/logo\/image\/","url":"https:\/\/smartbizconsultingmd.com\/espanol\/wp-content\/uploads\/2024\/01\/Smart-Business-Consulting-Icon.png","contentUrl":"https:\/\/smartbizconsultingmd.com\/espanol\/wp-content\/uploads\/2024\/01\/Smart-Business-Consulting-Icon.png","width":326,"height":176,"caption":"Smart Business Consulting"},"image":{"@id":"https:\/\/smartbizconsultingmd.com\/espanol\/#\/schema\/logo\/image\/"},"sameAs":["https:\/\/www.facebook.com\/profile.php?id=100090052874257","https:\/\/www.youtube.com\/channel\/UCzWmRjSDizrsOhQEcMiAYPw","https:\/\/www.linkedin.com\/company\/91180779\/admin\/feed\/posts\/"]}]}},"_links":{"self":[{"href":"https:\/\/smartbizconsultingmd.com\/espanol\/wp-json\/wp\/v2\/pages\/4600","targetHints":{"allow":["GET"]}}],"collection":[{"href":"https:\/\/smartbizconsultingmd.com\/espanol\/wp-json\/wp\/v2\/pages"}],"about":[{"href":"https:\/\/smartbizconsultingmd.com\/espanol\/wp-json\/wp\/v2\/types\/page"}],"author":[{"embeddable":true,"href":"https:\/\/smartbizconsultingmd.com\/espanol\/wp-json\/wp\/v2\/users\/1"}],"replies":[{"embeddable":true,"href":"https:\/\/smartbizconsultingmd.com\/espanol\/wp-json\/wp\/v2\/comments?post=4600"}],"version-history":[{"count":20,"href":"https:\/\/smartbizconsultingmd.com\/espanol\/wp-json\/wp\/v2\/pages\/4600\/revisions"}],"predecessor-version":[{"id":5961,"href":"https:\/\/smartbizconsultingmd.com\/espanol\/wp-json\/wp\/v2\/pages\/4600\/revisions\/5961"}],"wp:attachment":[{"href":"https:\/\/smartbizconsultingmd.com\/espanol\/wp-json\/wp\/v2\/media?parent=4600"}],"curies":[{"name":"wp","href":"https:\/\/api.w.org\/{rel}","templated":true}]}}