{"id":4602,"date":"2024-01-10T15:46:44","date_gmt":"2024-01-10T20:46:44","guid":{"rendered":"https:\/\/www.smartbizconsultingmd.com\/?page_id=4602"},"modified":"2024-04-06T12:03:28","modified_gmt":"2024-04-06T16:03:28","slug":"about-us","status":"publish","type":"page","link":"https:\/\/smartbizconsultingmd.com\/espanol\/about-us\/","title":{"rendered":"Contactar"},"content":{"rendered":"\t\t<div data-elementor-type=\"wp-page\" data-elementor-id=\"4602\" class=\"elementor elementor-4602\">\n\t\t\t\t<div class=\"elementor-element elementor-element-c9233fa e-con-full e-flex e-con e-parent\" data-id=\"c9233fa\" data-element_type=\"container\" data-e-type=\"container\">\n\t\t<div class=\"elementor-element elementor-element-b80d12f e-con-full e-flex e-con e-child\" data-id=\"b80d12f\" data-element_type=\"container\" data-e-type=\"container\">\n\t\t\t\t<div class=\"elementor-element elementor-element-aa0fd8d elementor-widget elementor-widget-image\" data-id=\"aa0fd8d\" data-element_type=\"widget\" data-e-type=\"widget\" data-widget_type=\"image.default\">\n\t\t\t\t<div class=\"elementor-widget-container\">\n\t\t\t\t\t\t\t\t\t\t\t\t\t\t\t<img decoding=\"async\" width=\"1\" height=\"1\" src=\"https:\/\/smartbizconsultingmd.com\/espanol\/wp-content\/uploads\/2024\/01\/s-2.svg\" class=\"attachment-large size-large wp-image-4496\" alt=\"\" \/>\t\t\t\t\t\t\t\t\t\t\t\t\t\t\t<\/div>\n\t\t\t\t<\/div>\n\t\t\t\t<div class=\"elementor-element elementor-element-21e1709 elementor-widget elementor-widget-heading\" data-id=\"21e1709\" data-element_type=\"widget\" data-e-type=\"widget\" data-widget_type=\"heading.default\">\n\t\t\t\t<div class=\"elementor-widget-container\">\n\t\t\t\t\t<h2 class=\"elementor-heading-title elementor-size-default\">443-571-7059<\/h2>\t\t\t\t<\/div>\n\t\t\t\t<\/div>\n\t\t\t\t<div class=\"elementor-element elementor-element-4250a7d elementor-widget elementor-widget-text-editor\" data-id=\"4250a7d\" data-element_type=\"widget\" data-e-type=\"widget\" data-widget_type=\"text-editor.default\">\n\t\t\t\t<div class=\"elementor-widget-container\">\n\t\t\t\t\t\t\t\t\t<p>\u00a1Ll\u00e1manos o env\u00eda tu informaci\u00f3n de contacto para desbloquear todo el potencial de tu negocio hoy mismo! Ya sea que est\u00e9s buscando renovar tu presencia en l\u00ednea, impulsar tus esfuerzos de marketing o navegar por el intrincado mundo del emprendimiento, \u00a1nosotros te respaldamos!<\/p>\t\t\t\t\t\t\t\t<\/div>\n\t\t\t\t<\/div>\n\t\t\t\t<\/div>\n\t\t<div class=\"elementor-element elementor-element-92c5d5c e-con-full e-flex e-con e-child\" data-id=\"92c5d5c\" data-element_type=\"container\" data-e-type=\"container\">\n\t\t\t\t<div class=\"elementor-element elementor-element-db8e127 elementor-widget elementor-widget-heading\" data-id=\"db8e127\" data-element_type=\"widget\" data-e-type=\"widget\" data-widget_type=\"heading.default\">\n\t\t\t\t<div class=\"elementor-widget-container\">\n\t\t\t\t\t<h2 class=\"elementor-heading-title elementor-size-default\">Contact Form<\/h2>\t\t\t\t<\/div>\n\t\t\t\t<\/div>\n\t\t\t\t<div class=\"elementor-element elementor-element-6e8a4e2 elementor-widget elementor-widget-text-editor\" data-id=\"6e8a4e2\" data-element_type=\"widget\" data-e-type=\"widget\" data-widget_type=\"text-editor.default\">\n\t\t\t\t<div class=\"elementor-widget-container\">\n\t\t\t\t\t\t\t\t\t<div class=\"forminator-ui forminator-custom-form forminator-custom-form-5117 forminator-design--default  forminator_ajax\" data-forminator-render=\"0\" data-form=\"forminator-module-5117\" data-uid=\"69f6017374c17\"><br\/><\/div><form\n\t\t\t\tid=\"forminator-module-5117\"\n\t\t\t\tclass=\"forminator-ui forminator-custom-form forminator-custom-form-5117 forminator-design--default  forminator_ajax\"\n\t\t\t\tmethod=\"post\"\n\t\t\t\tdata-forminator-render=\"0\"\n\t\t\t\tdata-form-id=\"5117\"\n\t\t\t\t data-color-option=\"default\" data-design=\"default\" data-grid=\"open\" style=\"display: none;\"\n\t\t\t\tdata-uid=\"69f6017374c17\"\n\t\t\t><div role=\"alert\" aria-live=\"polite\" class=\"forminator-response-message forminator-error\" aria-hidden=\"true\"><\/div><div class=\"forminator-row\"><div id=\"name-1\" class=\"forminator-field-name forminator-col forminator-col-12 \"><div class=\"forminator-row forminator-no-margin\" data-multiple=\"true\"><div class=\"forminator-col forminator-col-md-6\"><div class=\"forminator-field\"><label for=\"forminator-field-5117__field--name-1_69f6017374c17\" id=\"forminator-field-5117__field--name-1_69f6017374c17-label\" class=\"forminator-label\">Prefix<\/label><select name=\"name-1-prefix\" id=\"forminator-field-5117__field--name-1_69f6017374c17\" class=\"forminator-select2\" data-multi=\"1\" autocomplete=\"honorific-prefix\" aria-labelledby=\"forminator-field-5117__field--name-1_69f6017374c17-label\" data-default-value=\"\"><option value=\"Mr\" >Mr.<\/option><option value=\"Mrs\" >Mrs.<\/option><option value=\"Ms\" >Ms.<\/option><option value=\"Mx\" >Mx.<\/option><option value=\"Miss\" >Miss<\/option><option value=\"Dr\" >Dr.<\/option><option value=\"Prof\" >Prof.<\/option><\/select><\/div><\/div><div class=\"forminator-col forminator-col-md-6\"><div class=\"forminator-field\"><label for=\"forminator-field-first-name-1_69f6017374c17\" id=\"forminator-field-first-name-1_69f6017374c17-label\" class=\"forminator-label\">Primer Nombre <span class=\"forminator-required\">*<\/span><\/label><input type=\"text\" name=\"name-1-first-name\" placeholder=\"E.g. John\" id=\"forminator-field-first-name-1_69f6017374c17\" class=\"forminator-input\" aria-required=\"true\" data-multi=\"1\" autocomplete=\"given-name\" value=\"\" \/><\/div><\/div><div class=\"forminator-col forminator-col-md-6\"><div class=\"forminator-field\"><label for=\"forminator-field-middle-name-1_69f6017374c17\" id=\"forminator-field-middle-name-1_69f6017374c17-label\" class=\"forminator-label\">Segundo Nombre<\/label><input type=\"text\" name=\"name-1-middle-name\" placeholder=\"E.g. Edward\" id=\"forminator-field-middle-name-1_69f6017374c17\" class=\"forminator-input\" aria-required=\"false\" data-multi=\"1\" autocomplete=\"additional-name\" value=\"\" \/><\/div><\/div><div class=\"forminator-col forminator-col-md-6\"><div class=\"forminator-field\"><label for=\"forminator-field-last-name-1_69f6017374c17\" id=\"forminator-field-last-name-1_69f6017374c17-label\" class=\"forminator-label\">Apellido <span class=\"forminator-required\">*<\/span><\/label><input type=\"text\" name=\"name-1-last-name\" placeholder=\"E.g. Smith\" id=\"forminator-field-last-name-1_69f6017374c17\" class=\"forminator-input\" aria-required=\"true\" data-multi=\"1\" autocomplete=\"family-name\" value=\"\" \/><\/div><\/div><\/div><\/div><\/div><div class=\"forminator-row\"><div id=\"email-1\" class=\"forminator-field-email forminator-col forminator-col-12 \"><div class=\"forminator-field\"><label for=\"forminator-field-email-1_69f6017374c17\" id=\"forminator-field-email-1_69f6017374c17-label\" class=\"forminator-label\">Email <span class=\"forminator-required\">*<\/span><\/label><input type=\"email\" name=\"email-1\" value=\"\" placeholder=\"E.g. john@doe.com\" id=\"forminator-field-email-1_69f6017374c17\" class=\"forminator-input forminator-email--field\" data-required=\"true\" aria-required=\"true\" autocomplete=\"email\" \/><\/div><\/div><\/div><div class=\"forminator-row\"><div id=\"phone-1\" class=\"forminator-field-phone forminator-col forminator-col-12 \"><div class=\"forminator-field\"><label for=\"forminator-field-phone-1_69f6017374c17\" id=\"forminator-field-phone-1_69f6017374c17-label\" class=\"forminator-label\">Telefono <span class=\"forminator-required\">*<\/span><\/label><input type=\"text\" name=\"phone-1\" value=\"\" placeholder=\"E.g. +1 3004005000\" id=\"forminator-field-phone-1_69f6017374c17\" class=\"forminator-input forminator-field--phone\" data-required=\"1\" aria-required=\"true\" autocomplete=\"off\" data-validation=\"1\" \/><\/div><\/div><\/div><div class=\"forminator-row\"><div id=\"textarea-1\" class=\"forminator-field-textarea forminator-col forminator-col-12 \"><div class=\"forminator-field\"><label for=\"forminator-field-textarea-1_69f6017374c17\" id=\"forminator-field-textarea-1_69f6017374c17-label\" class=\"forminator-label\">Mensaje<\/label><textarea name=\"textarea-1\" placeholder=\"\" id=\"forminator-field-textarea-1_69f6017374c17\" class=\"forminator-textarea\" rows=\"6\" style=\"--forminator-textarea-min-height:140px;\" maxlength=\"180\" ><\/textarea><span id=\"forminator-field-textarea-1_69f6017374c17-description\" class=\"forminator-description\"><span data-limit=\"180\" data-type=\"characters\" data-editor=\"\">0 \/ 180<\/span><\/span><\/div><\/div><\/div><div class=\"forminator-row\"><div id=\"select-1\" class=\"forminator-field-select forminator-col forminator-col-12 \"><div class=\"forminator-field\"><label for=\"forminator-form-5117__field--select-1_69f6017374c17\" id=\"forminator-form-5117__field--select-1_69f6017374c17-label\" class=\"forminator-label\">Como nos encontr\u00f3? <span class=\"forminator-required\">*<\/span><\/label><select  id=\"forminator-form-5117__field--select-1_69f6017374c17\" class=\"forminator-select--field forminator-select2 forminator-select2-multiple\" data-required=\"1\" name=\"select-1\" data-default-value=\"\" data-hidden-behavior=\"zero\" data-placeholder=\"Select\" data-search=\"false\" data-search-placeholder=\"Select\" data-checkbox=\"false\" data-allow-clear=\"false\" aria-labelledby=\"forminator-form-5117__field--select-1_69f6017374c17-label\"><option value=\"\"  >Select<\/option><option value=\"one\"  data-calculation=\"0\">Google<\/option><option value=\"two\"  data-calculation=\"0\">Facebook<\/option><option value=\"YouTube\"  data-calculation=\"0\">YouTube<\/option><option value=\"Friend\"  data-calculation=\"0\">Friend<\/option><option value=\"Other\"  data-calculation=\"0\">Otro<\/option><\/select><\/div><\/div><\/div><div class=\"forminator-row\"><div id=\"captcha-1\" class=\"forminator-field-captcha forminator-col forminator-col-12 \"><div class=\"forminator-captcha-left forminator-g-recaptcha\" data-theme=\"light\"  data-sitekey=\"6LeCAHopAAAAAKuxcg9bIewz9mk_ITG_UgCBbM7I\" data-size=\"normal\"><\/div> <\/div><\/div><div class=\"forminator-row\"><div id=\"consent-2\" class=\"forminator-field-consent forminator-col forminator-col-12 \"><div class=\"forminator-field\"><label for=\"forminator-field-consent-2_69f6017374c17\" id=\"forminator-field-consent-2_69f6017374c17-label\" class=\"forminator-label\">Recibir notificaciones via text <span class=\"forminator-required\">*<\/span><\/label><div class=\"forminator-checkbox__wrapper\"><label id=\"forminator-field-consent-2_69f6017374c17__label\" class=\"forminator-checkbox forminator-consent\"><input type=\"checkbox\" name=\"consent-2\" id=\"forminator-field-consent-2_69f6017374c17\" value=\"checked\" aria-labelledby=\"forminator-field-consent-2_69f6017374c17-label\" aria-describedby=\"forminator-field-consent-2_69f6017374c17__description\" data-required=\"true\" aria-required=\"true\" \/><span class=\"forminator-checkbox-box\" aria-hidden=\"true\"><\/span><\/label><div id=\"forminator-field-consent-2_69f6017374c17__description\" class=\"forminator-checkbox__label forminator-consent__label\"><p>By submitting this form, I acknowledge to have reviewed the company&#8217;s <a href=\"https:\/\/smartbizconsultingmd.com\/espanol\/privacy-policy\/\">Privacy Policy<\/a> and consent to receive important alerts and promotions via SMS. To opt out I have the option to reply with HELP or STOP to SMS notifications.<\/p><\/div><\/div><\/div><\/div><\/div><input type=\"hidden\" name=\"referer_url\" value=\"\" \/><div class=\"forminator-row forminator-row-last\"><div class=\"forminator-col\"><div class=\"forminator-field\"><button class=\"forminator-button forminator-button-submit\">Submit<\/button><\/div><\/div><\/div><input type=\"hidden\" id=\"forminator_nonce\" name=\"forminator_nonce\" value=\"df44ac4ac8\" \/><input type=\"hidden\" name=\"_wp_http_referer\" value=\"\/espanol\/wp-json\/wp\/v2\/pages\/4602\" \/><input type=\"hidden\" name=\"form_id\" value=\"5117\"><input type=\"hidden\" name=\"page_id\" value=\"4602\"><input type=\"hidden\" name=\"form_type\" value=\"default\"><input type=\"hidden\" name=\"current_url\" value=\"https:\/\/smartbizconsultingmd.com\/espanol\/about-us\/\"><input type=\"hidden\" name=\"render_id\" value=\"0\"><input type=\"hidden\" name=\"action\" value=\"forminator_submit_form_custom-forms\"><\/form>\t\t\t\t\t\t\t\t<\/div>\n\t\t\t\t<\/div>\n\t\t\t\t<\/div>\n\t\t\t\t<\/div>\n\t\t\t\t<\/div>\n\t\t","protected":false},"excerpt":{"rendered":"<p>443-571-7059 \u00a1Ll\u00e1manos o env\u00eda tu informaci\u00f3n de contacto para desbloquear todo el potencial de tu negocio hoy mismo! Ya sea que est\u00e9s buscando renovar tu presencia en l\u00ednea, impulsar tus esfuerzos de marketing o navegar por el intrincado mundo del emprendimiento, \u00a1nosotros te respaldamos! Contact Form<\/p>\n","protected":false},"author":1,"featured_media":0,"parent":0,"menu_order":0,"comment_status":"closed","ping_status":"closed","template":"","meta":{"_gutenify_countdown_timer_type":"fixed","_gutenify_countdown_timer_evergreen_hours":24,"_gutenify_countdown_timer_evergreen_minutes":0,"_gutenify_countdown_timer_date":"","_gutenify_countdown_timer_timezone":"US\/Eastern","_gutenify_countdown_timer_end_action":"none","_gutenify_countdown_timer_hide_selector":"","_gutenify_countdown_timer_redirect_url":"","_glsr_average":0,"_glsr_ranking":0,"_glsr_reviews":0,"footnotes":""},"class_list":["post-4602","page","type-page","status-publish","hentry"],"blocksy_meta":[],"yoast_head":"<!-- This site is optimized with the Yoast SEO plugin v27.5 - https:\/\/yoast.com\/product\/yoast-seo-wordpress\/ -->\n<title>Contactar | Dise\u00f1ador de Paginas Web<\/title>\n<meta name=\"robots\" content=\"index, follow, max-snippet:-1, max-image-preview:large, max-video-preview:-1\" \/>\n<link rel=\"canonical\" href=\"https:\/\/smartbizconsultingmd.com\/espanol\/about-us\/\" \/>\n<meta property=\"og:locale\" content=\"en_US\" \/>\n<meta property=\"og:type\" content=\"article\" \/>\n<meta property=\"og:title\" content=\"Contactar | Dise\u00f1ador de Paginas Web\" \/>\n<meta property=\"og:description\" content=\"443-571-7059 \u00a1Ll\u00e1manos o env\u00eda tu informaci\u00f3n de contacto para desbloquear todo el potencial de tu negocio hoy mismo! Ya sea que est\u00e9s buscando renovar tu presencia en l\u00ednea, impulsar tus esfuerzos de marketing o navegar por el intrincado mundo del emprendimiento, \u00a1nosotros te respaldamos! Contact Form\" \/>\n<meta property=\"og:url\" content=\"https:\/\/smartbizconsultingmd.com\/espanol\/about-us\/\" \/>\n<meta property=\"og:site_name\" content=\"Dise\u00f1ador de Paginas Web\" \/>\n<meta property=\"article:publisher\" content=\"https:\/\/www.facebook.com\/profile.php?id=100090052874257\" \/>\n<meta property=\"article:modified_time\" content=\"2024-04-06T16:03:28+00:00\" \/>\n<meta property=\"og:image\" content=\"https:\/\/smartbizconsultingmd.com\/espanol\/wp-content\/uploads\/2024\/01\/s-2.svg\" \/>\n<meta name=\"twitter:card\" content=\"summary_large_image\" \/>\n<meta name=\"twitter:label1\" content=\"Est. reading time\" \/>\n\t<meta name=\"twitter:data1\" content=\"1 minute\" \/>\n<script type=\"application\/ld+json\" class=\"yoast-schema-graph\">{\"@context\":\"https:\\\/\\\/schema.org\",\"@graph\":[{\"@type\":\"WebPage\",\"@id\":\"https:\\\/\\\/smartbizconsultingmd.com\\\/espanol\\\/about-us\\\/\",\"url\":\"https:\\\/\\\/smartbizconsultingmd.com\\\/espanol\\\/about-us\\\/\",\"name\":\"Contactar | Dise\u00f1ador de Paginas Web\",\"isPartOf\":{\"@id\":\"https:\\\/\\\/smartbizconsultingmd.com\\\/espanol\\\/#website\"},\"primaryImageOfPage\":{\"@id\":\"https:\\\/\\\/smartbizconsultingmd.com\\\/espanol\\\/about-us\\\/#primaryimage\"},\"image\":{\"@id\":\"https:\\\/\\\/smartbizconsultingmd.com\\\/espanol\\\/about-us\\\/#primaryimage\"},\"thumbnailUrl\":\"https:\\\/\\\/smartbizconsultingmd.com\\\/espanol\\\/wp-content\\\/uploads\\\/2024\\\/01\\\/s-2.svg\",\"datePublished\":\"2024-01-10T20:46:44+00:00\",\"dateModified\":\"2024-04-06T16:03:28+00:00\",\"breadcrumb\":{\"@id\":\"https:\\\/\\\/smartbizconsultingmd.com\\\/espanol\\\/about-us\\\/#breadcrumb\"},\"inLanguage\":\"en-US\",\"potentialAction\":[{\"@type\":\"ReadAction\",\"target\":[\"https:\\\/\\\/smartbizconsultingmd.com\\\/espanol\\\/about-us\\\/\"]}]},{\"@type\":\"ImageObject\",\"inLanguage\":\"en-US\",\"@id\":\"https:\\\/\\\/smartbizconsultingmd.com\\\/espanol\\\/about-us\\\/#primaryimage\",\"url\":\"https:\\\/\\\/smartbizconsultingmd.com\\\/espanol\\\/wp-content\\\/uploads\\\/2024\\\/01\\\/s-2.svg\",\"contentUrl\":\"https:\\\/\\\/smartbizconsultingmd.com\\\/espanol\\\/wp-content\\\/uploads\\\/2024\\\/01\\\/s-2.svg\"},{\"@type\":\"BreadcrumbList\",\"@id\":\"https:\\\/\\\/smartbizconsultingmd.com\\\/espanol\\\/about-us\\\/#breadcrumb\",\"itemListElement\":[{\"@type\":\"ListItem\",\"position\":1,\"name\":\"Home\",\"item\":\"https:\\\/\\\/smartbizconsultingmd.com\\\/espanol\\\/\"},{\"@type\":\"ListItem\",\"position\":2,\"name\":\"Contactar\"}]},{\"@type\":\"WebSite\",\"@id\":\"https:\\\/\\\/smartbizconsultingmd.com\\\/espanol\\\/#website\",\"url\":\"https:\\\/\\\/smartbizconsultingmd.com\\\/espanol\\\/\",\"name\":\"Smart Business Consulting\",\"description\":\"Smart Business Consulting LLC\",\"publisher\":{\"@id\":\"https:\\\/\\\/smartbizconsultingmd.com\\\/espanol\\\/#organization\"},\"alternateName\":\"Smart\",\"potentialAction\":[{\"@type\":\"SearchAction\",\"target\":{\"@type\":\"EntryPoint\",\"urlTemplate\":\"https:\\\/\\\/smartbizconsultingmd.com\\\/espanol\\\/?s={search_term_string}\"},\"query-input\":{\"@type\":\"PropertyValueSpecification\",\"valueRequired\":true,\"valueName\":\"search_term_string\"}}],\"inLanguage\":\"en-US\"},{\"@type\":\"Organization\",\"@id\":\"https:\\\/\\\/smartbizconsultingmd.com\\\/espanol\\\/#organization\",\"name\":\"Smart Business Consulting\",\"url\":\"https:\\\/\\\/smartbizconsultingmd.com\\\/espanol\\\/\",\"logo\":{\"@type\":\"ImageObject\",\"inLanguage\":\"en-US\",\"@id\":\"https:\\\/\\\/smartbizconsultingmd.com\\\/espanol\\\/#\\\/schema\\\/logo\\\/image\\\/\",\"url\":\"https:\\\/\\\/smartbizconsultingmd.com\\\/espanol\\\/wp-content\\\/uploads\\\/2024\\\/01\\\/Smart-Business-Consulting-Icon.png\",\"contentUrl\":\"https:\\\/\\\/smartbizconsultingmd.com\\\/espanol\\\/wp-content\\\/uploads\\\/2024\\\/01\\\/Smart-Business-Consulting-Icon.png\",\"width\":326,\"height\":176,\"caption\":\"Smart Business Consulting\"},\"image\":{\"@id\":\"https:\\\/\\\/smartbizconsultingmd.com\\\/espanol\\\/#\\\/schema\\\/logo\\\/image\\\/\"},\"sameAs\":[\"https:\\\/\\\/www.facebook.com\\\/profile.php?id=100090052874257\",\"https:\\\/\\\/www.youtube.com\\\/channel\\\/UCzWmRjSDizrsOhQEcMiAYPw\",\"https:\\\/\\\/www.linkedin.com\\\/company\\\/91180779\\\/admin\\\/feed\\\/posts\\\/\"]}]}<\/script>\n<!-- \/ Yoast SEO plugin. -->","yoast_head_json":{"title":"Contactar | Dise\u00f1ador de Paginas Web","robots":{"index":"index","follow":"follow","max-snippet":"max-snippet:-1","max-image-preview":"max-image-preview:large","max-video-preview":"max-video-preview:-1"},"canonical":"https:\/\/smartbizconsultingmd.com\/espanol\/about-us\/","og_locale":"en_US","og_type":"article","og_title":"Contactar | Dise\u00f1ador de Paginas Web","og_description":"443-571-7059 \u00a1Ll\u00e1manos o env\u00eda tu informaci\u00f3n de contacto para desbloquear todo el potencial de tu negocio hoy mismo! Ya sea que est\u00e9s buscando renovar tu presencia en l\u00ednea, impulsar tus esfuerzos de marketing o navegar por el intrincado mundo del emprendimiento, \u00a1nosotros te respaldamos! Contact Form","og_url":"https:\/\/smartbizconsultingmd.com\/espanol\/about-us\/","og_site_name":"Dise\u00f1ador de Paginas Web","article_publisher":"https:\/\/www.facebook.com\/profile.php?id=100090052874257","article_modified_time":"2024-04-06T16:03:28+00:00","og_image":[{"url":"https:\/\/smartbizconsultingmd.com\/espanol\/wp-content\/uploads\/2024\/01\/s-2.svg","type":"","width":"","height":""}],"twitter_card":"summary_large_image","twitter_misc":{"Est. reading time":"1 minute"},"schema":{"@context":"https:\/\/schema.org","@graph":[{"@type":"WebPage","@id":"https:\/\/smartbizconsultingmd.com\/espanol\/about-us\/","url":"https:\/\/smartbizconsultingmd.com\/espanol\/about-us\/","name":"Contactar | Dise\u00f1ador de Paginas Web","isPartOf":{"@id":"https:\/\/smartbizconsultingmd.com\/espanol\/#website"},"primaryImageOfPage":{"@id":"https:\/\/smartbizconsultingmd.com\/espanol\/about-us\/#primaryimage"},"image":{"@id":"https:\/\/smartbizconsultingmd.com\/espanol\/about-us\/#primaryimage"},"thumbnailUrl":"https:\/\/smartbizconsultingmd.com\/espanol\/wp-content\/uploads\/2024\/01\/s-2.svg","datePublished":"2024-01-10T20:46:44+00:00","dateModified":"2024-04-06T16:03:28+00:00","breadcrumb":{"@id":"https:\/\/smartbizconsultingmd.com\/espanol\/about-us\/#breadcrumb"},"inLanguage":"en-US","potentialAction":[{"@type":"ReadAction","target":["https:\/\/smartbizconsultingmd.com\/espanol\/about-us\/"]}]},{"@type":"ImageObject","inLanguage":"en-US","@id":"https:\/\/smartbizconsultingmd.com\/espanol\/about-us\/#primaryimage","url":"https:\/\/smartbizconsultingmd.com\/espanol\/wp-content\/uploads\/2024\/01\/s-2.svg","contentUrl":"https:\/\/smartbizconsultingmd.com\/espanol\/wp-content\/uploads\/2024\/01\/s-2.svg"},{"@type":"BreadcrumbList","@id":"https:\/\/smartbizconsultingmd.com\/espanol\/about-us\/#breadcrumb","itemListElement":[{"@type":"ListItem","position":1,"name":"Home","item":"https:\/\/smartbizconsultingmd.com\/espanol\/"},{"@type":"ListItem","position":2,"name":"Contactar"}]},{"@type":"WebSite","@id":"https:\/\/smartbizconsultingmd.com\/espanol\/#website","url":"https:\/\/smartbizconsultingmd.com\/espanol\/","name":"Smart Business Consulting","description":"Smart Business Consulting LLC","publisher":{"@id":"https:\/\/smartbizconsultingmd.com\/espanol\/#organization"},"alternateName":"Smart","potentialAction":[{"@type":"SearchAction","target":{"@type":"EntryPoint","urlTemplate":"https:\/\/smartbizconsultingmd.com\/espanol\/?s={search_term_string}"},"query-input":{"@type":"PropertyValueSpecification","valueRequired":true,"valueName":"search_term_string"}}],"inLanguage":"en-US"},{"@type":"Organization","@id":"https:\/\/smartbizconsultingmd.com\/espanol\/#organization","name":"Smart Business Consulting","url":"https:\/\/smartbizconsultingmd.com\/espanol\/","logo":{"@type":"ImageObject","inLanguage":"en-US","@id":"https:\/\/smartbizconsultingmd.com\/espanol\/#\/schema\/logo\/image\/","url":"https:\/\/smartbizconsultingmd.com\/espanol\/wp-content\/uploads\/2024\/01\/Smart-Business-Consulting-Icon.png","contentUrl":"https:\/\/smartbizconsultingmd.com\/espanol\/wp-content\/uploads\/2024\/01\/Smart-Business-Consulting-Icon.png","width":326,"height":176,"caption":"Smart Business Consulting"},"image":{"@id":"https:\/\/smartbizconsultingmd.com\/espanol\/#\/schema\/logo\/image\/"},"sameAs":["https:\/\/www.facebook.com\/profile.php?id=100090052874257","https:\/\/www.youtube.com\/channel\/UCzWmRjSDizrsOhQEcMiAYPw","https:\/\/www.linkedin.com\/company\/91180779\/admin\/feed\/posts\/"]}]}},"_links":{"self":[{"href":"https:\/\/smartbizconsultingmd.com\/espanol\/wp-json\/wp\/v2\/pages\/4602","targetHints":{"allow":["GET"]}}],"collection":[{"href":"https:\/\/smartbizconsultingmd.com\/espanol\/wp-json\/wp\/v2\/pages"}],"about":[{"href":"https:\/\/smartbizconsultingmd.com\/espanol\/wp-json\/wp\/v2\/types\/page"}],"author":[{"embeddable":true,"href":"https:\/\/smartbizconsultingmd.com\/espanol\/wp-json\/wp\/v2\/users\/1"}],"replies":[{"embeddable":true,"href":"https:\/\/smartbizconsultingmd.com\/espanol\/wp-json\/wp\/v2\/comments?post=4602"}],"version-history":[{"count":60,"href":"https:\/\/smartbizconsultingmd.com\/espanol\/wp-json\/wp\/v2\/pages\/4602\/revisions"}],"predecessor-version":[{"id":6034,"href":"https:\/\/smartbizconsultingmd.com\/espanol\/wp-json\/wp\/v2\/pages\/4602\/revisions\/6034"}],"wp:attachment":[{"href":"https:\/\/smartbizconsultingmd.com\/espanol\/wp-json\/wp\/v2\/media?parent=4602"}],"curies":[{"name":"wp","href":"https:\/\/api.w.org\/{rel}","templated":true}]}}