{"id":4607,"date":"2024-01-10T15:46:44","date_gmt":"2024-01-10T20:46:44","guid":{"rendered":"https:\/\/www.smartbizconsultingmd.com\/?page_id=4607"},"modified":"2024-04-09T00:54:43","modified_gmt":"2024-04-09T04:54:43","slug":"soluciones-consultoria-empresarial","status":"publish","type":"page","link":"https:\/\/smartbizconsultingmd.com\/espanol\/soluciones-consultoria-empresarial\/","title":{"rendered":"Consejer\u00eda"},"content":{"rendered":"\t\t<div data-elementor-type=\"wp-page\" data-elementor-id=\"4607\" class=\"elementor elementor-4607\">\n\t\t\t\t<div class=\"elementor-element elementor-element-48036e7f e-flex e-con-boxed e-con e-parent\" data-id=\"48036e7f\" data-element_type=\"container\" data-e-type=\"container\">\n\t\t\t\t\t<div class=\"e-con-inner\">\n\t\t<div class=\"elementor-element elementor-element-10b480db e-con-full e-flex e-con e-child\" data-id=\"10b480db\" data-element_type=\"container\" data-e-type=\"container\">\n\t\t\t\t<div class=\"elementor-element elementor-element-303f90f0 elementor-invisible elementor-widget elementor-widget-heading\" data-id=\"303f90f0\" data-element_type=\"widget\" data-e-type=\"widget\" data-settings=\"{&quot;_animation&quot;:&quot;zoomIn&quot;}\" data-widget_type=\"heading.default\">\n\t\t\t\t<div class=\"elementor-widget-container\">\n\t\t\t\t\t<h1 class=\"elementor-heading-title elementor-size-default\">\u00bfTienes una idea de negocio?<\/h1>\t\t\t\t<\/div>\n\t\t\t\t<\/div>\n\t\t\t\t<div class=\"elementor-element elementor-element-39fe8fde elementor-invisible elementor-widget elementor-widget-text-editor\" data-id=\"39fe8fde\" data-element_type=\"widget\" data-e-type=\"widget\" data-settings=\"{&quot;_animation&quot;:&quot;zoomIn&quot;}\" data-widget_type=\"text-editor.default\">\n\t\t\t\t<div class=\"elementor-widget-container\">\n\t\t\t\t\t\t\t\t\t<p>\u00a1Acelera la trayectoria de tu negocio con nuestras soluciones de consultor\u00eda de primer nivel! Dise\u00f1adas para propietarios de peque\u00f1as empresas y emprendedores ambiciosos, nuestras ofertas abarcan la planificaci\u00f3n estrat\u00e9gica, la optimizaci\u00f3n financiera y m\u00e1s all\u00e1. \u00a1Vamos a hacer realidad tus aspiraciones: tu triunfo alimenta nuestra dedicaci\u00f3n! Nuestro modelo de precios es transparente, y solo facturamos por los servicios prestados. Comienza hoy mismo en tu camino hacia el \u00e9xito.<\/p>\t\t\t\t\t\t\t\t<\/div>\n\t\t\t\t<\/div>\n\t\t<div class=\"elementor-element elementor-element-b542304 e-flex e-con-boxed e-con e-child\" data-id=\"b542304\" data-element_type=\"container\" data-e-type=\"container\">\n\t\t\t\t\t<div class=\"e-con-inner\">\n\t\t\t\t<div class=\"elementor-element elementor-element-39f52b2 elementor-invisible elementor-widget elementor-widget-button\" data-id=\"39f52b2\" data-element_type=\"widget\" data-e-type=\"widget\" data-settings=\"{&quot;_animation&quot;:&quot;zoomIn&quot;}\" data-widget_type=\"button.default\">\n\t\t\t\t<div class=\"elementor-widget-container\">\n\t\t\t\t\t\t\t\t\t<div class=\"elementor-button-wrapper\">\n\t\t\t\t\t<a class=\"elementor-button elementor-button-link elementor-size-sm\" href=\"https:\/\/smartbizconsultingmd.com\/espanol\/about-us\/\">\n\t\t\t\t\t\t<span class=\"elementor-button-content-wrapper\">\n\t\t\t\t\t\t\t\t\t<span class=\"elementor-button-text\">Contactar<\/span>\n\t\t\t\t\t<\/span>\n\t\t\t\t\t<\/a>\n\t\t\t\t<\/div>\n\t\t\t\t\t\t\t\t<\/div>\n\t\t\t\t<\/div>\n\t\t\t\t<div class=\"elementor-element elementor-element-7089d36 elementor-invisible elementor-widget elementor-widget-button\" data-id=\"7089d36\" data-element_type=\"widget\" data-e-type=\"widget\" data-settings=\"{&quot;_animation&quot;:&quot;zoomIn&quot;}\" data-widget_type=\"button.default\">\n\t\t\t\t<div class=\"elementor-widget-container\">\n\t\t\t\t\t\t\t\t\t<div class=\"elementor-button-wrapper\">\n\t\t\t\t\t<a class=\"elementor-button elementor-button-link elementor-size-sm\" href=\"https:\/\/smartbizconsultingmd.com\/espanol\/about-us\/\">\n\t\t\t\t\t\t<span class=\"elementor-button-content-wrapper\">\n\t\t\t\t\t\t\t\t\t<span class=\"elementor-button-text\">Estimado Gratuito<\/span>\n\t\t\t\t\t<\/span>\n\t\t\t\t\t<\/a>\n\t\t\t\t<\/div>\n\t\t\t\t\t\t\t\t<\/div>\n\t\t\t\t<\/div>\n\t\t\t\t\t<\/div>\n\t\t\t\t<\/div>\n\t\t\t\t<\/div>\n\t\t<div class=\"elementor-element elementor-element-538532a3 e-con-full e-flex e-con e-child\" data-id=\"538532a3\" data-element_type=\"container\" data-e-type=\"container\">\n\t\t\t\t<div class=\"elementor-element elementor-element-7179b501 elementor-invisible elementor-widget elementor-widget-heading\" data-id=\"7179b501\" data-element_type=\"widget\" data-e-type=\"widget\" data-settings=\"{&quot;_animation&quot;:&quot;zoomIn&quot;}\" data-widget_type=\"heading.default\">\n\t\t\t\t<div class=\"elementor-widget-container\">\n\t\t\t\t\t<h2 class=\"elementor-heading-title elementor-size-default\">443-571-7059<\/h2>\t\t\t\t<\/div>\n\t\t\t\t<\/div>\n\t\t\t\t<div class=\"elementor-element elementor-element-416721a1 elementor-invisible elementor-widget elementor-widget-image\" data-id=\"416721a1\" data-element_type=\"widget\" data-e-type=\"widget\" data-settings=\"{&quot;_animation&quot;:&quot;zoomIn&quot;}\" data-widget_type=\"image.default\">\n\t\t\t\t<div class=\"elementor-widget-container\">\n\t\t\t\t\t\t\t\t\t\t\t\t\t\t\t<img fetchpriority=\"high\" decoding=\"async\" width=\"1024\" height=\"683\" src=\"https:\/\/smartbizconsultingmd.com\/espanol\/wp-content\/uploads\/2022\/08\/blog-01-1024x683.jpg\" class=\"attachment-large size-large wp-image-4365\" alt=\"Business Consulting\" srcset=\"https:\/\/smartbizconsultingmd.com\/espanol\/wp-content\/uploads\/2022\/08\/blog-01-1024x683.jpg 1024w, https:\/\/smartbizconsultingmd.com\/espanol\/wp-content\/uploads\/2022\/08\/blog-01-300x200.jpg 300w, https:\/\/smartbizconsultingmd.com\/espanol\/wp-content\/uploads\/2022\/08\/blog-01-768x512.jpg 768w, https:\/\/smartbizconsultingmd.com\/espanol\/wp-content\/uploads\/2022\/08\/blog-01.jpg 1200w\" sizes=\"(max-width: 1024px) 100vw, 1024px\" \/>\t\t\t\t\t\t\t\t\t\t\t\t\t\t\t<\/div>\n\t\t\t\t<\/div>\n\t\t\t\t<\/div>\n\t\t\t\t\t<\/div>\n\t\t\t\t<\/div>\n\t\t\t\t<\/div>\n\t\t","protected":false},"excerpt":{"rendered":"<p>\u00bfTienes una idea de negocio? \u00a1Acelera la trayectoria de tu negocio con nuestras soluciones de consultor\u00eda de primer nivel! Dise\u00f1adas para propietarios de peque\u00f1as empresas y emprendedores ambiciosos, nuestras ofertas abarcan la planificaci\u00f3n estrat\u00e9gica, la optimizaci\u00f3n financiera y m\u00e1s all\u00e1. \u00a1Vamos a hacer realidad tus aspiraciones: tu triunfo alimenta nuestra dedicaci\u00f3n! Nuestro modelo de precios [&hellip;]<\/p>\n","protected":false},"author":1,"featured_media":0,"parent":0,"menu_order":0,"comment_status":"closed","ping_status":"closed","template":"","meta":{"_gutenify_countdown_timer_type":"fixed","_gutenify_countdown_timer_evergreen_hours":24,"_gutenify_countdown_timer_evergreen_minutes":0,"_gutenify_countdown_timer_date":"","_gutenify_countdown_timer_timezone":"US\/Eastern","_gutenify_countdown_timer_end_action":"none","_gutenify_countdown_timer_hide_selector":"","_gutenify_countdown_timer_redirect_url":"","_glsr_average":0,"_glsr_ranking":0,"_glsr_reviews":0,"footnotes":""},"class_list":["post-4607","page","type-page","status-publish","hentry"],"blocksy_meta":[],"yoast_head":"<!-- This site is optimized with the Yoast SEO plugin v27.5 - https:\/\/yoast.com\/product\/yoast-seo-wordpress\/ -->\n<title>Consejer\u00eda | Dise\u00f1ador de Paginas Web<\/title>\n<meta name=\"description\" content=\"Acelera el crecimiento de tu negocio con nuestras soluciones de consultor\u00eda estrat\u00e9gica dise\u00f1adas para propietarios de peque\u00f1as empresas y emprendedores ambiciosos. \u00a1Transforma tus ideas en realidad con nosotros! Nuestro modelo de precios transparente garantiza que solo pagas por los servicios que recibes. \u00a1Comienza tu camino hacia el \u00e9xito hoy mismo!\" \/>\n<meta name=\"robots\" content=\"index, follow, max-snippet:-1, max-image-preview:large, max-video-preview:-1\" \/>\n<link rel=\"canonical\" href=\"https:\/\/smartbizconsultingmd.com\/espanol\/soluciones-consultoria-empresarial\/\" \/>\n<meta property=\"og:locale\" content=\"en_US\" \/>\n<meta property=\"og:type\" content=\"article\" \/>\n<meta property=\"og:title\" content=\"Consejer\u00eda | Dise\u00f1ador de Paginas Web\" \/>\n<meta property=\"og:description\" content=\"Acelera el crecimiento de tu negocio con nuestras soluciones de consultor\u00eda estrat\u00e9gica dise\u00f1adas para propietarios de peque\u00f1as empresas y emprendedores ambiciosos. \u00a1Transforma tus ideas en realidad con nosotros! Nuestro modelo de precios transparente garantiza que solo pagas por los servicios que recibes. \u00a1Comienza tu camino hacia el \u00e9xito hoy mismo!\" \/>\n<meta property=\"og:url\" content=\"https:\/\/smartbizconsultingmd.com\/espanol\/soluciones-consultoria-empresarial\/\" \/>\n<meta property=\"og:site_name\" content=\"Dise\u00f1ador de Paginas Web\" \/>\n<meta property=\"article:publisher\" content=\"https:\/\/www.facebook.com\/profile.php?id=100090052874257\" \/>\n<meta property=\"article:modified_time\" content=\"2024-04-09T04:54:43+00:00\" \/>\n<meta property=\"og:image\" content=\"https:\/\/smartbizconsultingmd.com\/espanol\/wp-content\/uploads\/2022\/08\/blog-01-1024x683.jpg\" \/>\n<meta name=\"twitter:card\" content=\"summary_large_image\" \/>\n<meta name=\"twitter:label1\" content=\"Est. reading time\" \/>\n\t<meta name=\"twitter:data1\" content=\"1 minute\" \/>\n<script type=\"application\/ld+json\" class=\"yoast-schema-graph\">{\"@context\":\"https:\\\/\\\/schema.org\",\"@graph\":[{\"@type\":\"WebPage\",\"@id\":\"https:\\\/\\\/smartbizconsultingmd.com\\\/espanol\\\/soluciones-consultoria-empresarial\\\/\",\"url\":\"https:\\\/\\\/smartbizconsultingmd.com\\\/espanol\\\/soluciones-consultoria-empresarial\\\/\",\"name\":\"Consejer\u00eda | Dise\u00f1ador de Paginas Web\",\"isPartOf\":{\"@id\":\"https:\\\/\\\/smartbizconsultingmd.com\\\/espanol\\\/#website\"},\"primaryImageOfPage\":{\"@id\":\"https:\\\/\\\/smartbizconsultingmd.com\\\/espanol\\\/soluciones-consultoria-empresarial\\\/#primaryimage\"},\"image\":{\"@id\":\"https:\\\/\\\/smartbizconsultingmd.com\\\/espanol\\\/soluciones-consultoria-empresarial\\\/#primaryimage\"},\"thumbnailUrl\":\"https:\\\/\\\/smartbizconsultingmd.com\\\/espanol\\\/wp-content\\\/uploads\\\/2022\\\/08\\\/blog-01-1024x683.jpg\",\"datePublished\":\"2024-01-10T20:46:44+00:00\",\"dateModified\":\"2024-04-09T04:54:43+00:00\",\"description\":\"Acelera el crecimiento de tu negocio con nuestras soluciones de consultor\u00eda estrat\u00e9gica dise\u00f1adas para propietarios de peque\u00f1as empresas y emprendedores ambiciosos. \u00a1Transforma tus ideas en realidad con nosotros! Nuestro modelo de precios transparente garantiza que solo pagas por los servicios que recibes. \u00a1Comienza tu camino hacia el \u00e9xito hoy mismo!\",\"breadcrumb\":{\"@id\":\"https:\\\/\\\/smartbizconsultingmd.com\\\/espanol\\\/soluciones-consultoria-empresarial\\\/#breadcrumb\"},\"inLanguage\":\"en-US\",\"potentialAction\":[{\"@type\":\"ReadAction\",\"target\":[\"https:\\\/\\\/smartbizconsultingmd.com\\\/espanol\\\/soluciones-consultoria-empresarial\\\/\"]}]},{\"@type\":\"ImageObject\",\"inLanguage\":\"en-US\",\"@id\":\"https:\\\/\\\/smartbizconsultingmd.com\\\/espanol\\\/soluciones-consultoria-empresarial\\\/#primaryimage\",\"url\":\"https:\\\/\\\/smartbizconsultingmd.com\\\/espanol\\\/wp-content\\\/uploads\\\/2022\\\/08\\\/blog-01.jpg\",\"contentUrl\":\"https:\\\/\\\/smartbizconsultingmd.com\\\/espanol\\\/wp-content\\\/uploads\\\/2022\\\/08\\\/blog-01.jpg\",\"width\":1200,\"height\":800,\"caption\":\"Business Consulting\"},{\"@type\":\"BreadcrumbList\",\"@id\":\"https:\\\/\\\/smartbizconsultingmd.com\\\/espanol\\\/soluciones-consultoria-empresarial\\\/#breadcrumb\",\"itemListElement\":[{\"@type\":\"ListItem\",\"position\":1,\"name\":\"Home\",\"item\":\"https:\\\/\\\/smartbizconsultingmd.com\\\/espanol\\\/\"},{\"@type\":\"ListItem\",\"position\":2,\"name\":\"Consejer\u00eda\"}]},{\"@type\":\"WebSite\",\"@id\":\"https:\\\/\\\/smartbizconsultingmd.com\\\/espanol\\\/#website\",\"url\":\"https:\\\/\\\/smartbizconsultingmd.com\\\/espanol\\\/\",\"name\":\"Smart Business Consulting\",\"description\":\"Smart Business Consulting LLC\",\"publisher\":{\"@id\":\"https:\\\/\\\/smartbizconsultingmd.com\\\/espanol\\\/#organization\"},\"alternateName\":\"Smart\",\"potentialAction\":[{\"@type\":\"SearchAction\",\"target\":{\"@type\":\"EntryPoint\",\"urlTemplate\":\"https:\\\/\\\/smartbizconsultingmd.com\\\/espanol\\\/?s={search_term_string}\"},\"query-input\":{\"@type\":\"PropertyValueSpecification\",\"valueRequired\":true,\"valueName\":\"search_term_string\"}}],\"inLanguage\":\"en-US\"},{\"@type\":\"Organization\",\"@id\":\"https:\\\/\\\/smartbizconsultingmd.com\\\/espanol\\\/#organization\",\"name\":\"Smart Business Consulting\",\"url\":\"https:\\\/\\\/smartbizconsultingmd.com\\\/espanol\\\/\",\"logo\":{\"@type\":\"ImageObject\",\"inLanguage\":\"en-US\",\"@id\":\"https:\\\/\\\/smartbizconsultingmd.com\\\/espanol\\\/#\\\/schema\\\/logo\\\/image\\\/\",\"url\":\"https:\\\/\\\/smartbizconsultingmd.com\\\/espanol\\\/wp-content\\\/uploads\\\/2024\\\/01\\\/Smart-Business-Consulting-Icon.png\",\"contentUrl\":\"https:\\\/\\\/smartbizconsultingmd.com\\\/espanol\\\/wp-content\\\/uploads\\\/2024\\\/01\\\/Smart-Business-Consulting-Icon.png\",\"width\":326,\"height\":176,\"caption\":\"Smart Business Consulting\"},\"image\":{\"@id\":\"https:\\\/\\\/smartbizconsultingmd.com\\\/espanol\\\/#\\\/schema\\\/logo\\\/image\\\/\"},\"sameAs\":[\"https:\\\/\\\/www.facebook.com\\\/profile.php?id=100090052874257\",\"https:\\\/\\\/www.youtube.com\\\/channel\\\/UCzWmRjSDizrsOhQEcMiAYPw\",\"https:\\\/\\\/www.linkedin.com\\\/company\\\/91180779\\\/admin\\\/feed\\\/posts\\\/\"]}]}<\/script>\n<!-- \/ Yoast SEO plugin. -->","yoast_head_json":{"title":"Consejer\u00eda | Dise\u00f1ador de Paginas Web","description":"Acelera el crecimiento de tu negocio con nuestras soluciones de consultor\u00eda estrat\u00e9gica dise\u00f1adas para propietarios de peque\u00f1as empresas y emprendedores ambiciosos. \u00a1Transforma tus ideas en realidad con nosotros! Nuestro modelo de precios transparente garantiza que solo pagas por los servicios que recibes. \u00a1Comienza tu camino hacia el \u00e9xito hoy mismo!","robots":{"index":"index","follow":"follow","max-snippet":"max-snippet:-1","max-image-preview":"max-image-preview:large","max-video-preview":"max-video-preview:-1"},"canonical":"https:\/\/smartbizconsultingmd.com\/espanol\/soluciones-consultoria-empresarial\/","og_locale":"en_US","og_type":"article","og_title":"Consejer\u00eda | Dise\u00f1ador de Paginas Web","og_description":"Acelera el crecimiento de tu negocio con nuestras soluciones de consultor\u00eda estrat\u00e9gica dise\u00f1adas para propietarios de peque\u00f1as empresas y emprendedores ambiciosos. \u00a1Transforma tus ideas en realidad con nosotros! Nuestro modelo de precios transparente garantiza que solo pagas por los servicios que recibes. \u00a1Comienza tu camino hacia el \u00e9xito hoy mismo!","og_url":"https:\/\/smartbizconsultingmd.com\/espanol\/soluciones-consultoria-empresarial\/","og_site_name":"Dise\u00f1ador de Paginas Web","article_publisher":"https:\/\/www.facebook.com\/profile.php?id=100090052874257","article_modified_time":"2024-04-09T04:54:43+00:00","og_image":[{"url":"https:\/\/smartbizconsultingmd.com\/espanol\/wp-content\/uploads\/2022\/08\/blog-01-1024x683.jpg","type":"","width":"","height":""}],"twitter_card":"summary_large_image","twitter_misc":{"Est. reading time":"1 minute"},"schema":{"@context":"https:\/\/schema.org","@graph":[{"@type":"WebPage","@id":"https:\/\/smartbizconsultingmd.com\/espanol\/soluciones-consultoria-empresarial\/","url":"https:\/\/smartbizconsultingmd.com\/espanol\/soluciones-consultoria-empresarial\/","name":"Consejer\u00eda | Dise\u00f1ador de Paginas Web","isPartOf":{"@id":"https:\/\/smartbizconsultingmd.com\/espanol\/#website"},"primaryImageOfPage":{"@id":"https:\/\/smartbizconsultingmd.com\/espanol\/soluciones-consultoria-empresarial\/#primaryimage"},"image":{"@id":"https:\/\/smartbizconsultingmd.com\/espanol\/soluciones-consultoria-empresarial\/#primaryimage"},"thumbnailUrl":"https:\/\/smartbizconsultingmd.com\/espanol\/wp-content\/uploads\/2022\/08\/blog-01-1024x683.jpg","datePublished":"2024-01-10T20:46:44+00:00","dateModified":"2024-04-09T04:54:43+00:00","description":"Acelera el crecimiento de tu negocio con nuestras soluciones de consultor\u00eda estrat\u00e9gica dise\u00f1adas para propietarios de peque\u00f1as empresas y emprendedores ambiciosos. \u00a1Transforma tus ideas en realidad con nosotros! Nuestro modelo de precios transparente garantiza que solo pagas por los servicios que recibes. \u00a1Comienza tu camino hacia el \u00e9xito hoy mismo!","breadcrumb":{"@id":"https:\/\/smartbizconsultingmd.com\/espanol\/soluciones-consultoria-empresarial\/#breadcrumb"},"inLanguage":"en-US","potentialAction":[{"@type":"ReadAction","target":["https:\/\/smartbizconsultingmd.com\/espanol\/soluciones-consultoria-empresarial\/"]}]},{"@type":"ImageObject","inLanguage":"en-US","@id":"https:\/\/smartbizconsultingmd.com\/espanol\/soluciones-consultoria-empresarial\/#primaryimage","url":"https:\/\/smartbizconsultingmd.com\/espanol\/wp-content\/uploads\/2022\/08\/blog-01.jpg","contentUrl":"https:\/\/smartbizconsultingmd.com\/espanol\/wp-content\/uploads\/2022\/08\/blog-01.jpg","width":1200,"height":800,"caption":"Business Consulting"},{"@type":"BreadcrumbList","@id":"https:\/\/smartbizconsultingmd.com\/espanol\/soluciones-consultoria-empresarial\/#breadcrumb","itemListElement":[{"@type":"ListItem","position":1,"name":"Home","item":"https:\/\/smartbizconsultingmd.com\/espanol\/"},{"@type":"ListItem","position":2,"name":"Consejer\u00eda"}]},{"@type":"WebSite","@id":"https:\/\/smartbizconsultingmd.com\/espanol\/#website","url":"https:\/\/smartbizconsultingmd.com\/espanol\/","name":"Smart Business Consulting","description":"Smart Business Consulting LLC","publisher":{"@id":"https:\/\/smartbizconsultingmd.com\/espanol\/#organization"},"alternateName":"Smart","potentialAction":[{"@type":"SearchAction","target":{"@type":"EntryPoint","urlTemplate":"https:\/\/smartbizconsultingmd.com\/espanol\/?s={search_term_string}"},"query-input":{"@type":"PropertyValueSpecification","valueRequired":true,"valueName":"search_term_string"}}],"inLanguage":"en-US"},{"@type":"Organization","@id":"https:\/\/smartbizconsultingmd.com\/espanol\/#organization","name":"Smart Business Consulting","url":"https:\/\/smartbizconsultingmd.com\/espanol\/","logo":{"@type":"ImageObject","inLanguage":"en-US","@id":"https:\/\/smartbizconsultingmd.com\/espanol\/#\/schema\/logo\/image\/","url":"https:\/\/smartbizconsultingmd.com\/espanol\/wp-content\/uploads\/2024\/01\/Smart-Business-Consulting-Icon.png","contentUrl":"https:\/\/smartbizconsultingmd.com\/espanol\/wp-content\/uploads\/2024\/01\/Smart-Business-Consulting-Icon.png","width":326,"height":176,"caption":"Smart Business Consulting"},"image":{"@id":"https:\/\/smartbizconsultingmd.com\/espanol\/#\/schema\/logo\/image\/"},"sameAs":["https:\/\/www.facebook.com\/profile.php?id=100090052874257","https:\/\/www.youtube.com\/channel\/UCzWmRjSDizrsOhQEcMiAYPw","https:\/\/www.linkedin.com\/company\/91180779\/admin\/feed\/posts\/"]}]}},"_links":{"self":[{"href":"https:\/\/smartbizconsultingmd.com\/espanol\/wp-json\/wp\/v2\/pages\/4607","targetHints":{"allow":["GET"]}}],"collection":[{"href":"https:\/\/smartbizconsultingmd.com\/espanol\/wp-json\/wp\/v2\/pages"}],"about":[{"href":"https:\/\/smartbizconsultingmd.com\/espanol\/wp-json\/wp\/v2\/types\/page"}],"author":[{"embeddable":true,"href":"https:\/\/smartbizconsultingmd.com\/espanol\/wp-json\/wp\/v2\/users\/1"}],"replies":[{"embeddable":true,"href":"https:\/\/smartbizconsultingmd.com\/espanol\/wp-json\/wp\/v2\/comments?post=4607"}],"version-history":[{"count":32,"href":"https:\/\/smartbizconsultingmd.com\/espanol\/wp-json\/wp\/v2\/pages\/4607\/revisions"}],"predecessor-version":[{"id":6100,"href":"https:\/\/smartbizconsultingmd.com\/espanol\/wp-json\/wp\/v2\/pages\/4607\/revisions\/6100"}],"wp:attachment":[{"href":"https:\/\/smartbizconsultingmd.com\/espanol\/wp-json\/wp\/v2\/media?parent=4607"}],"curies":[{"name":"wp","href":"https:\/\/api.w.org\/{rel}","templated":true}]}}