{"id":4610,"date":"2024-01-10T15:46:44","date_gmt":"2024-01-10T20:46:44","guid":{"rendered":"https:\/\/www.smartbizconsultingmd.com\/?page_id=4610"},"modified":"2024-04-09T00:07:17","modified_gmt":"2024-04-09T04:07:17","slug":"construction","status":"publish","type":"page","link":"https:\/\/smartbizconsultingmd.com\/espanol\/construction\/","title":{"rendered":"Construcci\u00f3n"},"content":{"rendered":"\t\t<div data-elementor-type=\"wp-page\" data-elementor-id=\"4610\" class=\"elementor elementor-4610\">\n\t\t\t\t<div class=\"elementor-element elementor-element-6691b280 e-flex e-con-boxed e-con e-parent\" data-id=\"6691b280\" data-element_type=\"container\" data-e-type=\"container\">\n\t\t\t\t\t<div class=\"e-con-inner\">\n\t\t<div class=\"elementor-element elementor-element-56fceed9 e-con-full e-flex e-con e-child\" data-id=\"56fceed9\" data-element_type=\"container\" data-e-type=\"container\">\n\t\t\t\t<div class=\"elementor-element elementor-element-27caa198 elementor-invisible elementor-widget elementor-widget-heading\" data-id=\"27caa198\" data-element_type=\"widget\" data-e-type=\"widget\" data-settings=\"{&quot;_animation&quot;:&quot;zoomIn&quot;}\" data-widget_type=\"heading.default\">\n\t\t\t\t<div class=\"elementor-widget-container\">\n\t\t\t\t\t<h1 class=\"elementor-heading-title elementor-size-default\">Nadie conoce mejor a los contratistas generales que nosotros.<\/h1>\t\t\t\t<\/div>\n\t\t\t\t<\/div>\n\t\t\t\t<div class=\"elementor-element elementor-element-6c536e43 elementor-invisible elementor-widget elementor-widget-text-editor\" data-id=\"6c536e43\" data-element_type=\"widget\" data-e-type=\"widget\" data-settings=\"{&quot;_animation&quot;:&quot;zoomIn&quot;}\" data-widget_type=\"text-editor.default\">\n\t\t\t\t<div class=\"elementor-widget-container\">\n\t\t\t\t\t\t\t\t\t<p>Como contratistas generales experimentados con un historial comprobado de propiedad y operaci\u00f3n de m\u00faltiples empresas de construcci\u00f3n, aportamos una experiencia incomparable a cada proyecto. Podemos hacer mucho m\u00e1s que simplemente construirte un sitio web; conf\u00eda en nosotros para navegar por las complejidades de crear y comercializar un sitio web que est\u00e9 configurado para maximizar la Optimizaci\u00f3n para Motores de B\u00fasqueda (SEO).<\/p>\t\t\t\t\t\t\t\t<\/div>\n\t\t\t\t<\/div>\n\t\t<div class=\"elementor-element elementor-element-7674026e e-flex e-con-boxed e-con e-child\" data-id=\"7674026e\" data-element_type=\"container\" data-e-type=\"container\">\n\t\t\t\t\t<div class=\"e-con-inner\">\n\t\t\t\t<div class=\"elementor-element elementor-element-1a465444 elementor-invisible elementor-widget elementor-widget-button\" data-id=\"1a465444\" data-element_type=\"widget\" data-e-type=\"widget\" data-settings=\"{&quot;_animation&quot;:&quot;zoomIn&quot;}\" data-widget_type=\"button.default\">\n\t\t\t\t<div class=\"elementor-widget-container\">\n\t\t\t\t\t\t\t\t\t<div class=\"elementor-button-wrapper\">\n\t\t\t\t\t<a class=\"elementor-button elementor-button-link elementor-size-sm\" href=\"https:\/\/smartbizconsultingmd.com\/espanol\/about-us\/\">\n\t\t\t\t\t\t<span class=\"elementor-button-content-wrapper\">\n\t\t\t\t\t\t\t\t\t<span class=\"elementor-button-text\">Contactar<\/span>\n\t\t\t\t\t<\/span>\n\t\t\t\t\t<\/a>\n\t\t\t\t<\/div>\n\t\t\t\t\t\t\t\t<\/div>\n\t\t\t\t<\/div>\n\t\t\t\t<div class=\"elementor-element elementor-element-5a77f875 elementor-invisible elementor-widget elementor-widget-button\" data-id=\"5a77f875\" data-element_type=\"widget\" data-e-type=\"widget\" data-settings=\"{&quot;_animation&quot;:&quot;zoomIn&quot;}\" data-widget_type=\"button.default\">\n\t\t\t\t<div class=\"elementor-widget-container\">\n\t\t\t\t\t\t\t\t\t<div class=\"elementor-button-wrapper\">\n\t\t\t\t\t<a class=\"elementor-button elementor-button-link elementor-size-sm\" href=\"https:\/\/smartbizconsultingmd.com\/espanol\/about-us\/\">\n\t\t\t\t\t\t<span class=\"elementor-button-content-wrapper\">\n\t\t\t\t\t\t\t\t\t<span class=\"elementor-button-text\">Estimado Gratuito<\/span>\n\t\t\t\t\t<\/span>\n\t\t\t\t\t<\/a>\n\t\t\t\t<\/div>\n\t\t\t\t\t\t\t\t<\/div>\n\t\t\t\t<\/div>\n\t\t\t\t\t<\/div>\n\t\t\t\t<\/div>\n\t\t\t\t<\/div>\n\t\t<div class=\"elementor-element elementor-element-624abf36 e-con-full e-flex e-con e-child\" data-id=\"624abf36\" data-element_type=\"container\" data-e-type=\"container\">\n\t\t\t\t<div class=\"elementor-element elementor-element-2d23df0c elementor-invisible elementor-widget elementor-widget-heading\" data-id=\"2d23df0c\" data-element_type=\"widget\" data-e-type=\"widget\" data-settings=\"{&quot;_animation&quot;:&quot;zoomIn&quot;}\" data-widget_type=\"heading.default\">\n\t\t\t\t<div class=\"elementor-widget-container\">\n\t\t\t\t\t<h2 class=\"elementor-heading-title elementor-size-default\">443-571-7059<\/h2>\t\t\t\t<\/div>\n\t\t\t\t<\/div>\n\t\t\t\t<div class=\"elementor-element elementor-element-2526bba6 elementor-invisible elementor-widget elementor-widget-image\" data-id=\"2526bba6\" data-element_type=\"widget\" data-e-type=\"widget\" data-settings=\"{&quot;_animation&quot;:&quot;zoomIn&quot;}\" data-widget_type=\"image.default\">\n\t\t\t\t<div class=\"elementor-widget-container\">\n\t\t\t\t\t\t\t\t\t\t\t\t\t\t\t<img fetchpriority=\"high\" decoding=\"async\" width=\"1024\" height=\"655\" src=\"https:\/\/smartbizconsultingmd.com\/espanol\/wp-content\/uploads\/2024\/01\/Total-Pro-Builders-1024x655.png\" class=\"attachment-large size-large wp-image-4752\" alt=\"\" srcset=\"https:\/\/smartbizconsultingmd.com\/espanol\/wp-content\/uploads\/2024\/01\/Total-Pro-Builders-1024x655.png 1024w, https:\/\/smartbizconsultingmd.com\/espanol\/wp-content\/uploads\/2024\/01\/Total-Pro-Builders-300x192.png 300w, https:\/\/smartbizconsultingmd.com\/espanol\/wp-content\/uploads\/2024\/01\/Total-Pro-Builders-768x491.png 768w, https:\/\/smartbizconsultingmd.com\/espanol\/wp-content\/uploads\/2024\/01\/Total-Pro-Builders-1536x982.png 1536w, https:\/\/smartbizconsultingmd.com\/espanol\/wp-content\/uploads\/2024\/01\/Total-Pro-Builders-2048x1309.png 2048w\" sizes=\"(max-width: 1024px) 100vw, 1024px\" \/>\t\t\t\t\t\t\t\t\t\t\t\t\t\t\t<\/div>\n\t\t\t\t<\/div>\n\t\t\t\t<\/div>\n\t\t\t\t\t<\/div>\n\t\t\t\t<\/div>\n\t\t\t\t<\/div>\n\t\t","protected":false},"excerpt":{"rendered":"<p>Nadie conoce mejor a los contratistas generales que nosotros. Como contratistas generales experimentados con un historial comprobado de propiedad y operaci\u00f3n de m\u00faltiples empresas de construcci\u00f3n, aportamos una experiencia incomparable a cada proyecto. Podemos hacer mucho m\u00e1s que simplemente construirte un sitio web; conf\u00eda en nosotros para navegar por las complejidades de crear y comercializar [&hellip;]<\/p>\n","protected":false},"author":1,"featured_media":0,"parent":0,"menu_order":0,"comment_status":"closed","ping_status":"closed","template":"","meta":{"_gutenify_countdown_timer_type":"fixed","_gutenify_countdown_timer_evergreen_hours":24,"_gutenify_countdown_timer_evergreen_minutes":0,"_gutenify_countdown_timer_date":"","_gutenify_countdown_timer_timezone":"US\/Eastern","_gutenify_countdown_timer_end_action":"none","_gutenify_countdown_timer_hide_selector":"","_gutenify_countdown_timer_redirect_url":"","_glsr_average":0,"_glsr_ranking":0,"_glsr_reviews":0,"footnotes":""},"class_list":["post-4610","page","type-page","status-publish","hentry"],"blocksy_meta":[],"yoast_head":"<!-- This site is optimized with the Yoast SEO plugin v27.5 - https:\/\/yoast.com\/product\/yoast-seo-wordpress\/ -->\n<title>Construcci\u00f3n | Dise\u00f1ador de Paginas Web<\/title>\n<meta name=\"robots\" content=\"index, follow, max-snippet:-1, max-image-preview:large, max-video-preview:-1\" \/>\n<link rel=\"canonical\" href=\"https:\/\/smartbizconsultingmd.com\/espanol\/construction\/\" \/>\n<meta property=\"og:locale\" content=\"en_US\" \/>\n<meta property=\"og:type\" content=\"article\" \/>\n<meta property=\"og:title\" content=\"Construcci\u00f3n | Dise\u00f1ador de Paginas Web\" \/>\n<meta property=\"og:description\" content=\"Nadie conoce mejor a los contratistas generales que nosotros. Como contratistas generales experimentados con un historial comprobado de propiedad y operaci\u00f3n de m\u00faltiples empresas de construcci\u00f3n, aportamos una experiencia incomparable a cada proyecto. Podemos hacer mucho m\u00e1s que simplemente construirte un sitio web; conf\u00eda en nosotros para navegar por las complejidades de crear y comercializar [&hellip;]\" \/>\n<meta property=\"og:url\" content=\"https:\/\/smartbizconsultingmd.com\/espanol\/construction\/\" \/>\n<meta property=\"og:site_name\" content=\"Dise\u00f1ador de Paginas Web\" \/>\n<meta property=\"article:publisher\" content=\"https:\/\/www.facebook.com\/profile.php?id=100090052874257\" \/>\n<meta property=\"article:modified_time\" content=\"2024-04-09T04:07:17+00:00\" \/>\n<meta property=\"og:image\" content=\"https:\/\/smartbizconsultingmd.com\/espanol\/wp-content\/uploads\/2024\/01\/Total-Pro-Builders-1024x655.png\" \/>\n<meta name=\"twitter:card\" content=\"summary_large_image\" \/>\n<meta name=\"twitter:label1\" content=\"Est. reading time\" \/>\n\t<meta name=\"twitter:data1\" content=\"1 minute\" \/>\n<script type=\"application\/ld+json\" class=\"yoast-schema-graph\">{\"@context\":\"https:\\\/\\\/schema.org\",\"@graph\":[{\"@type\":\"WebPage\",\"@id\":\"https:\\\/\\\/smartbizconsultingmd.com\\\/espanol\\\/construction\\\/\",\"url\":\"https:\\\/\\\/smartbizconsultingmd.com\\\/espanol\\\/construction\\\/\",\"name\":\"Construcci\u00f3n | Dise\u00f1ador de Paginas Web\",\"isPartOf\":{\"@id\":\"https:\\\/\\\/smartbizconsultingmd.com\\\/espanol\\\/#website\"},\"primaryImageOfPage\":{\"@id\":\"https:\\\/\\\/smartbizconsultingmd.com\\\/espanol\\\/construction\\\/#primaryimage\"},\"image\":{\"@id\":\"https:\\\/\\\/smartbizconsultingmd.com\\\/espanol\\\/construction\\\/#primaryimage\"},\"thumbnailUrl\":\"https:\\\/\\\/smartbizconsultingmd.com\\\/espanol\\\/wp-content\\\/uploads\\\/2024\\\/01\\\/Total-Pro-Builders-1024x655.png\",\"datePublished\":\"2024-01-10T20:46:44+00:00\",\"dateModified\":\"2024-04-09T04:07:17+00:00\",\"breadcrumb\":{\"@id\":\"https:\\\/\\\/smartbizconsultingmd.com\\\/espanol\\\/construction\\\/#breadcrumb\"},\"inLanguage\":\"en-US\",\"potentialAction\":[{\"@type\":\"ReadAction\",\"target\":[\"https:\\\/\\\/smartbizconsultingmd.com\\\/espanol\\\/construction\\\/\"]}]},{\"@type\":\"ImageObject\",\"inLanguage\":\"en-US\",\"@id\":\"https:\\\/\\\/smartbizconsultingmd.com\\\/espanol\\\/construction\\\/#primaryimage\",\"url\":\"https:\\\/\\\/smartbizconsultingmd.com\\\/espanol\\\/wp-content\\\/uploads\\\/2024\\\/01\\\/Total-Pro-Builders.png\",\"contentUrl\":\"https:\\\/\\\/smartbizconsultingmd.com\\\/espanol\\\/wp-content\\\/uploads\\\/2024\\\/01\\\/Total-Pro-Builders.png\",\"width\":2074,\"height\":1326},{\"@type\":\"BreadcrumbList\",\"@id\":\"https:\\\/\\\/smartbizconsultingmd.com\\\/espanol\\\/construction\\\/#breadcrumb\",\"itemListElement\":[{\"@type\":\"ListItem\",\"position\":1,\"name\":\"Home\",\"item\":\"https:\\\/\\\/smartbizconsultingmd.com\\\/espanol\\\/\"},{\"@type\":\"ListItem\",\"position\":2,\"name\":\"Construcci\u00f3n\"}]},{\"@type\":\"WebSite\",\"@id\":\"https:\\\/\\\/smartbizconsultingmd.com\\\/espanol\\\/#website\",\"url\":\"https:\\\/\\\/smartbizconsultingmd.com\\\/espanol\\\/\",\"name\":\"Smart Business Consulting\",\"description\":\"Smart Business Consulting LLC\",\"publisher\":{\"@id\":\"https:\\\/\\\/smartbizconsultingmd.com\\\/espanol\\\/#organization\"},\"alternateName\":\"Smart\",\"potentialAction\":[{\"@type\":\"SearchAction\",\"target\":{\"@type\":\"EntryPoint\",\"urlTemplate\":\"https:\\\/\\\/smartbizconsultingmd.com\\\/espanol\\\/?s={search_term_string}\"},\"query-input\":{\"@type\":\"PropertyValueSpecification\",\"valueRequired\":true,\"valueName\":\"search_term_string\"}}],\"inLanguage\":\"en-US\"},{\"@type\":\"Organization\",\"@id\":\"https:\\\/\\\/smartbizconsultingmd.com\\\/espanol\\\/#organization\",\"name\":\"Smart Business Consulting\",\"url\":\"https:\\\/\\\/smartbizconsultingmd.com\\\/espanol\\\/\",\"logo\":{\"@type\":\"ImageObject\",\"inLanguage\":\"en-US\",\"@id\":\"https:\\\/\\\/smartbizconsultingmd.com\\\/espanol\\\/#\\\/schema\\\/logo\\\/image\\\/\",\"url\":\"https:\\\/\\\/smartbizconsultingmd.com\\\/espanol\\\/wp-content\\\/uploads\\\/2024\\\/01\\\/Smart-Business-Consulting-Icon.png\",\"contentUrl\":\"https:\\\/\\\/smartbizconsultingmd.com\\\/espanol\\\/wp-content\\\/uploads\\\/2024\\\/01\\\/Smart-Business-Consulting-Icon.png\",\"width\":326,\"height\":176,\"caption\":\"Smart Business Consulting\"},\"image\":{\"@id\":\"https:\\\/\\\/smartbizconsultingmd.com\\\/espanol\\\/#\\\/schema\\\/logo\\\/image\\\/\"},\"sameAs\":[\"https:\\\/\\\/www.facebook.com\\\/profile.php?id=100090052874257\",\"https:\\\/\\\/www.youtube.com\\\/channel\\\/UCzWmRjSDizrsOhQEcMiAYPw\",\"https:\\\/\\\/www.linkedin.com\\\/company\\\/91180779\\\/admin\\\/feed\\\/posts\\\/\"]}]}<\/script>\n<!-- \/ Yoast SEO plugin. -->","yoast_head_json":{"title":"Construcci\u00f3n | Dise\u00f1ador de Paginas Web","robots":{"index":"index","follow":"follow","max-snippet":"max-snippet:-1","max-image-preview":"max-image-preview:large","max-video-preview":"max-video-preview:-1"},"canonical":"https:\/\/smartbizconsultingmd.com\/espanol\/construction\/","og_locale":"en_US","og_type":"article","og_title":"Construcci\u00f3n | Dise\u00f1ador de Paginas Web","og_description":"Nadie conoce mejor a los contratistas generales que nosotros. Como contratistas generales experimentados con un historial comprobado de propiedad y operaci\u00f3n de m\u00faltiples empresas de construcci\u00f3n, aportamos una experiencia incomparable a cada proyecto. Podemos hacer mucho m\u00e1s que simplemente construirte un sitio web; conf\u00eda en nosotros para navegar por las complejidades de crear y comercializar [&hellip;]","og_url":"https:\/\/smartbizconsultingmd.com\/espanol\/construction\/","og_site_name":"Dise\u00f1ador de Paginas Web","article_publisher":"https:\/\/www.facebook.com\/profile.php?id=100090052874257","article_modified_time":"2024-04-09T04:07:17+00:00","og_image":[{"url":"https:\/\/smartbizconsultingmd.com\/espanol\/wp-content\/uploads\/2024\/01\/Total-Pro-Builders-1024x655.png","type":"","width":"","height":""}],"twitter_card":"summary_large_image","twitter_misc":{"Est. reading time":"1 minute"},"schema":{"@context":"https:\/\/schema.org","@graph":[{"@type":"WebPage","@id":"https:\/\/smartbizconsultingmd.com\/espanol\/construction\/","url":"https:\/\/smartbizconsultingmd.com\/espanol\/construction\/","name":"Construcci\u00f3n | Dise\u00f1ador de Paginas Web","isPartOf":{"@id":"https:\/\/smartbizconsultingmd.com\/espanol\/#website"},"primaryImageOfPage":{"@id":"https:\/\/smartbizconsultingmd.com\/espanol\/construction\/#primaryimage"},"image":{"@id":"https:\/\/smartbizconsultingmd.com\/espanol\/construction\/#primaryimage"},"thumbnailUrl":"https:\/\/smartbizconsultingmd.com\/espanol\/wp-content\/uploads\/2024\/01\/Total-Pro-Builders-1024x655.png","datePublished":"2024-01-10T20:46:44+00:00","dateModified":"2024-04-09T04:07:17+00:00","breadcrumb":{"@id":"https:\/\/smartbizconsultingmd.com\/espanol\/construction\/#breadcrumb"},"inLanguage":"en-US","potentialAction":[{"@type":"ReadAction","target":["https:\/\/smartbizconsultingmd.com\/espanol\/construction\/"]}]},{"@type":"ImageObject","inLanguage":"en-US","@id":"https:\/\/smartbizconsultingmd.com\/espanol\/construction\/#primaryimage","url":"https:\/\/smartbizconsultingmd.com\/espanol\/wp-content\/uploads\/2024\/01\/Total-Pro-Builders.png","contentUrl":"https:\/\/smartbizconsultingmd.com\/espanol\/wp-content\/uploads\/2024\/01\/Total-Pro-Builders.png","width":2074,"height":1326},{"@type":"BreadcrumbList","@id":"https:\/\/smartbizconsultingmd.com\/espanol\/construction\/#breadcrumb","itemListElement":[{"@type":"ListItem","position":1,"name":"Home","item":"https:\/\/smartbizconsultingmd.com\/espanol\/"},{"@type":"ListItem","position":2,"name":"Construcci\u00f3n"}]},{"@type":"WebSite","@id":"https:\/\/smartbizconsultingmd.com\/espanol\/#website","url":"https:\/\/smartbizconsultingmd.com\/espanol\/","name":"Smart Business Consulting","description":"Smart Business Consulting LLC","publisher":{"@id":"https:\/\/smartbizconsultingmd.com\/espanol\/#organization"},"alternateName":"Smart","potentialAction":[{"@type":"SearchAction","target":{"@type":"EntryPoint","urlTemplate":"https:\/\/smartbizconsultingmd.com\/espanol\/?s={search_term_string}"},"query-input":{"@type":"PropertyValueSpecification","valueRequired":true,"valueName":"search_term_string"}}],"inLanguage":"en-US"},{"@type":"Organization","@id":"https:\/\/smartbizconsultingmd.com\/espanol\/#organization","name":"Smart Business Consulting","url":"https:\/\/smartbizconsultingmd.com\/espanol\/","logo":{"@type":"ImageObject","inLanguage":"en-US","@id":"https:\/\/smartbizconsultingmd.com\/espanol\/#\/schema\/logo\/image\/","url":"https:\/\/smartbizconsultingmd.com\/espanol\/wp-content\/uploads\/2024\/01\/Smart-Business-Consulting-Icon.png","contentUrl":"https:\/\/smartbizconsultingmd.com\/espanol\/wp-content\/uploads\/2024\/01\/Smart-Business-Consulting-Icon.png","width":326,"height":176,"caption":"Smart Business Consulting"},"image":{"@id":"https:\/\/smartbizconsultingmd.com\/espanol\/#\/schema\/logo\/image\/"},"sameAs":["https:\/\/www.facebook.com\/profile.php?id=100090052874257","https:\/\/www.youtube.com\/channel\/UCzWmRjSDizrsOhQEcMiAYPw","https:\/\/www.linkedin.com\/company\/91180779\/admin\/feed\/posts\/"]}]}},"_links":{"self":[{"href":"https:\/\/smartbizconsultingmd.com\/espanol\/wp-json\/wp\/v2\/pages\/4610","targetHints":{"allow":["GET"]}}],"collection":[{"href":"https:\/\/smartbizconsultingmd.com\/espanol\/wp-json\/wp\/v2\/pages"}],"about":[{"href":"https:\/\/smartbizconsultingmd.com\/espanol\/wp-json\/wp\/v2\/types\/page"}],"author":[{"embeddable":true,"href":"https:\/\/smartbizconsultingmd.com\/espanol\/wp-json\/wp\/v2\/users\/1"}],"replies":[{"embeddable":true,"href":"https:\/\/smartbizconsultingmd.com\/espanol\/wp-json\/wp\/v2\/comments?post=4610"}],"version-history":[{"count":23,"href":"https:\/\/smartbizconsultingmd.com\/espanol\/wp-json\/wp\/v2\/pages\/4610\/revisions"}],"predecessor-version":[{"id":6066,"href":"https:\/\/smartbizconsultingmd.com\/espanol\/wp-json\/wp\/v2\/pages\/4610\/revisions\/6066"}],"wp:attachment":[{"href":"https:\/\/smartbizconsultingmd.com\/espanol\/wp-json\/wp\/v2\/media?parent=4610"}],"curies":[{"name":"wp","href":"https:\/\/api.w.org\/{rel}","templated":true}]}}