{"id":4613,"date":"2024-01-10T15:46:44","date_gmt":"2024-01-10T20:46:44","guid":{"rendered":"https:\/\/www.smartbizconsultingmd.com\/?page_id=4613"},"modified":"2024-04-09T00:12:02","modified_gmt":"2024-04-09T04:12:02","slug":"professional-services","status":"publish","type":"page","link":"https:\/\/smartbizconsultingmd.com\/espanol\/professional-services\/","title":{"rendered":"Servicios Profesionales"},"content":{"rendered":"\t\t<div data-elementor-type=\"wp-page\" data-elementor-id=\"4613\" class=\"elementor elementor-4613\">\n\t\t\t\t<div class=\"elementor-element elementor-element-73593f57 e-flex e-con-boxed e-con e-parent\" data-id=\"73593f57\" data-element_type=\"container\" data-e-type=\"container\">\n\t\t\t\t\t<div class=\"e-con-inner\">\n\t\t<div class=\"elementor-element elementor-element-7fdbf273 e-con-full e-flex e-con e-child\" data-id=\"7fdbf273\" data-element_type=\"container\" data-e-type=\"container\">\n\t\t\t\t<div class=\"elementor-element elementor-element-67a0ded3 elementor-invisible elementor-widget elementor-widget-heading\" data-id=\"67a0ded3\" data-element_type=\"widget\" data-e-type=\"widget\" data-settings=\"{&quot;_animation&quot;:&quot;zoomIn&quot;}\" data-widget_type=\"heading.default\">\n\t\t\t\t<div class=\"elementor-widget-container\">\n\t\t\t\t\t<h1 class=\"elementor-heading-title elementor-size-default\">Eleva tu presencia profesional para los servicios en tu industria.<\/h1>\t\t\t\t<\/div>\n\t\t\t\t<\/div>\n\t\t\t\t<div class=\"elementor-element elementor-element-564dbe90 elementor-invisible elementor-widget elementor-widget-text-editor\" data-id=\"564dbe90\" data-element_type=\"widget\" data-e-type=\"widget\" data-settings=\"{&quot;_animation&quot;:&quot;zoomIn&quot;}\" data-widget_type=\"text-editor.default\">\n\t\t\t\t<div class=\"elementor-widget-container\">\n\t\t\t\t\t\t\t\t\t<p>Potencia tu trayectoria profesional con nuestros servicios especializados dirigidos a m\u00e9dicos, abogados, arquitectos, consultores y m\u00e1s all\u00e1. Desde mejorar tu presencia en l\u00ednea hasta optimizar operaciones, adaptamos soluciones para amplificar tu \u00e9xito en el \u00e1mbito profesional.<\/p>\t\t\t\t\t\t\t\t<\/div>\n\t\t\t\t<\/div>\n\t\t<div class=\"elementor-element elementor-element-37d44fce e-flex e-con-boxed e-con e-child\" data-id=\"37d44fce\" data-element_type=\"container\" data-e-type=\"container\">\n\t\t\t\t\t<div class=\"e-con-inner\">\n\t\t\t\t<div class=\"elementor-element elementor-element-7b6d34d0 elementor-invisible elementor-widget elementor-widget-button\" data-id=\"7b6d34d0\" data-element_type=\"widget\" data-e-type=\"widget\" data-settings=\"{&quot;_animation&quot;:&quot;zoomIn&quot;}\" data-widget_type=\"button.default\">\n\t\t\t\t<div class=\"elementor-widget-container\">\n\t\t\t\t\t\t\t\t\t<div class=\"elementor-button-wrapper\">\n\t\t\t\t\t<a class=\"elementor-button elementor-button-link elementor-size-sm\" href=\"https:\/\/smartbizconsultingmd.com\/espanol\/about-us\/\">\n\t\t\t\t\t\t<span class=\"elementor-button-content-wrapper\">\n\t\t\t\t\t\t\t\t\t<span class=\"elementor-button-text\">Contactar<\/span>\n\t\t\t\t\t<\/span>\n\t\t\t\t\t<\/a>\n\t\t\t\t<\/div>\n\t\t\t\t\t\t\t\t<\/div>\n\t\t\t\t<\/div>\n\t\t\t\t<div class=\"elementor-element elementor-element-5bf90a54 elementor-invisible elementor-widget elementor-widget-button\" data-id=\"5bf90a54\" data-element_type=\"widget\" data-e-type=\"widget\" data-settings=\"{&quot;_animation&quot;:&quot;zoomIn&quot;}\" data-widget_type=\"button.default\">\n\t\t\t\t<div class=\"elementor-widget-container\">\n\t\t\t\t\t\t\t\t\t<div class=\"elementor-button-wrapper\">\n\t\t\t\t\t<a class=\"elementor-button elementor-button-link elementor-size-sm\" href=\"https:\/\/smartbizconsultingmd.com\/espanol\/about-us\/\">\n\t\t\t\t\t\t<span class=\"elementor-button-content-wrapper\">\n\t\t\t\t\t\t\t\t\t<span class=\"elementor-button-text\">Estimado Gratuito<\/span>\n\t\t\t\t\t<\/span>\n\t\t\t\t\t<\/a>\n\t\t\t\t<\/div>\n\t\t\t\t\t\t\t\t<\/div>\n\t\t\t\t<\/div>\n\t\t\t\t\t<\/div>\n\t\t\t\t<\/div>\n\t\t\t\t<div class=\"elementor-element elementor-element-706ce470 elementor-invisible elementor-widget elementor-widget-heading\" data-id=\"706ce470\" data-element_type=\"widget\" data-e-type=\"widget\" data-settings=\"{&quot;_animation&quot;:&quot;zoomIn&quot;}\" data-widget_type=\"heading.default\">\n\t\t\t\t<div class=\"elementor-widget-container\">\n\t\t\t\t\t<h2 class=\"elementor-heading-title elementor-size-default\">443-571-7059<\/h2>\t\t\t\t<\/div>\n\t\t\t\t<\/div>\n\t\t\t\t<\/div>\n\t\t<div class=\"elementor-element elementor-element-611cdc30 e-con-full e-flex e-con e-child\" data-id=\"611cdc30\" data-element_type=\"container\" data-e-type=\"container\">\n\t\t\t\t<div class=\"elementor-element elementor-element-6732d48d elementor-invisible elementor-widget elementor-widget-image\" data-id=\"6732d48d\" data-element_type=\"widget\" data-e-type=\"widget\" data-settings=\"{&quot;_animation&quot;:&quot;zoomIn&quot;}\" data-widget_type=\"image.default\">\n\t\t\t\t<div class=\"elementor-widget-container\">\n\t\t\t\t\t\t\t\t\t\t\t\t\t\t\t<img fetchpriority=\"high\" decoding=\"async\" width=\"819\" height=\"1024\" src=\"https:\/\/smartbizconsultingmd.com\/espanol\/wp-content\/uploads\/2024\/01\/Doctor-819x1024.png\" class=\"attachment-large size-large wp-image-5328\" alt=\"Web designing for professional services\" srcset=\"https:\/\/smartbizconsultingmd.com\/espanol\/wp-content\/uploads\/2024\/01\/Doctor-819x1024.png 819w, https:\/\/smartbizconsultingmd.com\/espanol\/wp-content\/uploads\/2024\/01\/Doctor-240x300.png 240w, https:\/\/smartbizconsultingmd.com\/espanol\/wp-content\/uploads\/2024\/01\/Doctor-768x960.png 768w, https:\/\/smartbizconsultingmd.com\/espanol\/wp-content\/uploads\/2024\/01\/Doctor-1229x1536.png 1229w, https:\/\/smartbizconsultingmd.com\/espanol\/wp-content\/uploads\/2024\/01\/Doctor.png 1600w\" sizes=\"(max-width: 819px) 100vw, 819px\" \/>\t\t\t\t\t\t\t\t\t\t\t\t\t\t\t<\/div>\n\t\t\t\t<\/div>\n\t\t\t\t<\/div>\n\t\t\t\t\t<\/div>\n\t\t\t\t<\/div>\n\t\t\t\t<\/div>\n\t\t","protected":false},"excerpt":{"rendered":"<p>Eleva tu presencia profesional para los servicios en tu industria. Potencia tu trayectoria profesional con nuestros servicios especializados dirigidos a m\u00e9dicos, abogados, arquitectos, consultores y m\u00e1s all\u00e1. Desde mejorar tu presencia en l\u00ednea hasta optimizar operaciones, adaptamos soluciones para amplificar tu \u00e9xito en el \u00e1mbito profesional. Contactar Estimado Gratuito 443-571-7059<\/p>\n","protected":false},"author":1,"featured_media":0,"parent":0,"menu_order":0,"comment_status":"closed","ping_status":"closed","template":"","meta":{"_gutenify_countdown_timer_type":"fixed","_gutenify_countdown_timer_evergreen_hours":24,"_gutenify_countdown_timer_evergreen_minutes":0,"_gutenify_countdown_timer_date":"","_gutenify_countdown_timer_timezone":"US\/Eastern","_gutenify_countdown_timer_end_action":"none","_gutenify_countdown_timer_hide_selector":"","_gutenify_countdown_timer_redirect_url":"","_glsr_average":0,"_glsr_ranking":0,"_glsr_reviews":0,"footnotes":""},"class_list":["post-4613","page","type-page","status-publish","hentry"],"blocksy_meta":[],"yoast_head":"<!-- This site is optimized with the Yoast SEO plugin v27.5 - https:\/\/yoast.com\/product\/yoast-seo-wordpress\/ -->\n<title>Servicios Profesionales | Dise\u00f1ador de Paginas Web<\/title>\n<meta name=\"robots\" content=\"index, follow, max-snippet:-1, max-image-preview:large, max-video-preview:-1\" \/>\n<link rel=\"canonical\" href=\"https:\/\/smartbizconsultingmd.com\/espanol\/professional-services\/\" \/>\n<meta property=\"og:locale\" content=\"en_US\" \/>\n<meta property=\"og:type\" content=\"article\" \/>\n<meta property=\"og:title\" content=\"Servicios Profesionales | Dise\u00f1ador de Paginas Web\" \/>\n<meta property=\"og:description\" content=\"Eleva tu presencia profesional para los servicios en tu industria. Potencia tu trayectoria profesional con nuestros servicios especializados dirigidos a m\u00e9dicos, abogados, arquitectos, consultores y m\u00e1s all\u00e1. Desde mejorar tu presencia en l\u00ednea hasta optimizar operaciones, adaptamos soluciones para amplificar tu \u00e9xito en el \u00e1mbito profesional. Contactar Estimado Gratuito 443-571-7059\" \/>\n<meta property=\"og:url\" content=\"https:\/\/smartbizconsultingmd.com\/espanol\/professional-services\/\" \/>\n<meta property=\"og:site_name\" content=\"Dise\u00f1ador de Paginas Web\" \/>\n<meta property=\"article:publisher\" content=\"https:\/\/www.facebook.com\/profile.php?id=100090052874257\" \/>\n<meta property=\"article:modified_time\" content=\"2024-04-09T04:12:02+00:00\" \/>\n<meta property=\"og:image\" content=\"https:\/\/smartbizconsultingmd.com\/espanol\/wp-content\/uploads\/2024\/01\/Doctor-819x1024.png\" \/>\n<meta name=\"twitter:card\" content=\"summary_large_image\" \/>\n<meta name=\"twitter:label1\" content=\"Est. reading time\" \/>\n\t<meta name=\"twitter:data1\" content=\"1 minute\" \/>\n<script type=\"application\/ld+json\" class=\"yoast-schema-graph\">{\"@context\":\"https:\\\/\\\/schema.org\",\"@graph\":[{\"@type\":\"WebPage\",\"@id\":\"https:\\\/\\\/smartbizconsultingmd.com\\\/espanol\\\/professional-services\\\/\",\"url\":\"https:\\\/\\\/smartbizconsultingmd.com\\\/espanol\\\/professional-services\\\/\",\"name\":\"Servicios Profesionales | Dise\u00f1ador de Paginas Web\",\"isPartOf\":{\"@id\":\"https:\\\/\\\/smartbizconsultingmd.com\\\/espanol\\\/#website\"},\"primaryImageOfPage\":{\"@id\":\"https:\\\/\\\/smartbizconsultingmd.com\\\/espanol\\\/professional-services\\\/#primaryimage\"},\"image\":{\"@id\":\"https:\\\/\\\/smartbizconsultingmd.com\\\/espanol\\\/professional-services\\\/#primaryimage\"},\"thumbnailUrl\":\"https:\\\/\\\/smartbizconsultingmd.com\\\/espanol\\\/wp-content\\\/uploads\\\/2024\\\/01\\\/Doctor-819x1024.png\",\"datePublished\":\"2024-01-10T20:46:44+00:00\",\"dateModified\":\"2024-04-09T04:12:02+00:00\",\"breadcrumb\":{\"@id\":\"https:\\\/\\\/smartbizconsultingmd.com\\\/espanol\\\/professional-services\\\/#breadcrumb\"},\"inLanguage\":\"en-US\",\"potentialAction\":[{\"@type\":\"ReadAction\",\"target\":[\"https:\\\/\\\/smartbizconsultingmd.com\\\/espanol\\\/professional-services\\\/\"]}]},{\"@type\":\"ImageObject\",\"inLanguage\":\"en-US\",\"@id\":\"https:\\\/\\\/smartbizconsultingmd.com\\\/espanol\\\/professional-services\\\/#primaryimage\",\"url\":\"https:\\\/\\\/smartbizconsultingmd.com\\\/espanol\\\/wp-content\\\/uploads\\\/2024\\\/01\\\/Doctor.png\",\"contentUrl\":\"https:\\\/\\\/smartbizconsultingmd.com\\\/espanol\\\/wp-content\\\/uploads\\\/2024\\\/01\\\/Doctor.png\",\"width\":1600,\"height\":2000,\"caption\":\"Web designing for professional services\"},{\"@type\":\"BreadcrumbList\",\"@id\":\"https:\\\/\\\/smartbizconsultingmd.com\\\/espanol\\\/professional-services\\\/#breadcrumb\",\"itemListElement\":[{\"@type\":\"ListItem\",\"position\":1,\"name\":\"Home\",\"item\":\"https:\\\/\\\/smartbizconsultingmd.com\\\/espanol\\\/\"},{\"@type\":\"ListItem\",\"position\":2,\"name\":\"Servicios Profesionales\"}]},{\"@type\":\"WebSite\",\"@id\":\"https:\\\/\\\/smartbizconsultingmd.com\\\/espanol\\\/#website\",\"url\":\"https:\\\/\\\/smartbizconsultingmd.com\\\/espanol\\\/\",\"name\":\"Smart Business Consulting\",\"description\":\"Smart Business Consulting LLC\",\"publisher\":{\"@id\":\"https:\\\/\\\/smartbizconsultingmd.com\\\/espanol\\\/#organization\"},\"alternateName\":\"Smart\",\"potentialAction\":[{\"@type\":\"SearchAction\",\"target\":{\"@type\":\"EntryPoint\",\"urlTemplate\":\"https:\\\/\\\/smartbizconsultingmd.com\\\/espanol\\\/?s={search_term_string}\"},\"query-input\":{\"@type\":\"PropertyValueSpecification\",\"valueRequired\":true,\"valueName\":\"search_term_string\"}}],\"inLanguage\":\"en-US\"},{\"@type\":\"Organization\",\"@id\":\"https:\\\/\\\/smartbizconsultingmd.com\\\/espanol\\\/#organization\",\"name\":\"Smart Business Consulting\",\"url\":\"https:\\\/\\\/smartbizconsultingmd.com\\\/espanol\\\/\",\"logo\":{\"@type\":\"ImageObject\",\"inLanguage\":\"en-US\",\"@id\":\"https:\\\/\\\/smartbizconsultingmd.com\\\/espanol\\\/#\\\/schema\\\/logo\\\/image\\\/\",\"url\":\"https:\\\/\\\/smartbizconsultingmd.com\\\/espanol\\\/wp-content\\\/uploads\\\/2024\\\/01\\\/Smart-Business-Consulting-Icon.png\",\"contentUrl\":\"https:\\\/\\\/smartbizconsultingmd.com\\\/espanol\\\/wp-content\\\/uploads\\\/2024\\\/01\\\/Smart-Business-Consulting-Icon.png\",\"width\":326,\"height\":176,\"caption\":\"Smart Business Consulting\"},\"image\":{\"@id\":\"https:\\\/\\\/smartbizconsultingmd.com\\\/espanol\\\/#\\\/schema\\\/logo\\\/image\\\/\"},\"sameAs\":[\"https:\\\/\\\/www.facebook.com\\\/profile.php?id=100090052874257\",\"https:\\\/\\\/www.youtube.com\\\/channel\\\/UCzWmRjSDizrsOhQEcMiAYPw\",\"https:\\\/\\\/www.linkedin.com\\\/company\\\/91180779\\\/admin\\\/feed\\\/posts\\\/\"]}]}<\/script>\n<!-- \/ Yoast SEO plugin. -->","yoast_head_json":{"title":"Servicios Profesionales | Dise\u00f1ador de Paginas Web","robots":{"index":"index","follow":"follow","max-snippet":"max-snippet:-1","max-image-preview":"max-image-preview:large","max-video-preview":"max-video-preview:-1"},"canonical":"https:\/\/smartbizconsultingmd.com\/espanol\/professional-services\/","og_locale":"en_US","og_type":"article","og_title":"Servicios Profesionales | Dise\u00f1ador de Paginas Web","og_description":"Eleva tu presencia profesional para los servicios en tu industria. Potencia tu trayectoria profesional con nuestros servicios especializados dirigidos a m\u00e9dicos, abogados, arquitectos, consultores y m\u00e1s all\u00e1. Desde mejorar tu presencia en l\u00ednea hasta optimizar operaciones, adaptamos soluciones para amplificar tu \u00e9xito en el \u00e1mbito profesional. Contactar Estimado Gratuito 443-571-7059","og_url":"https:\/\/smartbizconsultingmd.com\/espanol\/professional-services\/","og_site_name":"Dise\u00f1ador de Paginas Web","article_publisher":"https:\/\/www.facebook.com\/profile.php?id=100090052874257","article_modified_time":"2024-04-09T04:12:02+00:00","og_image":[{"url":"https:\/\/smartbizconsultingmd.com\/espanol\/wp-content\/uploads\/2024\/01\/Doctor-819x1024.png","type":"","width":"","height":""}],"twitter_card":"summary_large_image","twitter_misc":{"Est. reading time":"1 minute"},"schema":{"@context":"https:\/\/schema.org","@graph":[{"@type":"WebPage","@id":"https:\/\/smartbizconsultingmd.com\/espanol\/professional-services\/","url":"https:\/\/smartbizconsultingmd.com\/espanol\/professional-services\/","name":"Servicios Profesionales | Dise\u00f1ador de Paginas Web","isPartOf":{"@id":"https:\/\/smartbizconsultingmd.com\/espanol\/#website"},"primaryImageOfPage":{"@id":"https:\/\/smartbizconsultingmd.com\/espanol\/professional-services\/#primaryimage"},"image":{"@id":"https:\/\/smartbizconsultingmd.com\/espanol\/professional-services\/#primaryimage"},"thumbnailUrl":"https:\/\/smartbizconsultingmd.com\/espanol\/wp-content\/uploads\/2024\/01\/Doctor-819x1024.png","datePublished":"2024-01-10T20:46:44+00:00","dateModified":"2024-04-09T04:12:02+00:00","breadcrumb":{"@id":"https:\/\/smartbizconsultingmd.com\/espanol\/professional-services\/#breadcrumb"},"inLanguage":"en-US","potentialAction":[{"@type":"ReadAction","target":["https:\/\/smartbizconsultingmd.com\/espanol\/professional-services\/"]}]},{"@type":"ImageObject","inLanguage":"en-US","@id":"https:\/\/smartbizconsultingmd.com\/espanol\/professional-services\/#primaryimage","url":"https:\/\/smartbizconsultingmd.com\/espanol\/wp-content\/uploads\/2024\/01\/Doctor.png","contentUrl":"https:\/\/smartbizconsultingmd.com\/espanol\/wp-content\/uploads\/2024\/01\/Doctor.png","width":1600,"height":2000,"caption":"Web designing for professional services"},{"@type":"BreadcrumbList","@id":"https:\/\/smartbizconsultingmd.com\/espanol\/professional-services\/#breadcrumb","itemListElement":[{"@type":"ListItem","position":1,"name":"Home","item":"https:\/\/smartbizconsultingmd.com\/espanol\/"},{"@type":"ListItem","position":2,"name":"Servicios Profesionales"}]},{"@type":"WebSite","@id":"https:\/\/smartbizconsultingmd.com\/espanol\/#website","url":"https:\/\/smartbizconsultingmd.com\/espanol\/","name":"Smart Business Consulting","description":"Smart Business Consulting LLC","publisher":{"@id":"https:\/\/smartbizconsultingmd.com\/espanol\/#organization"},"alternateName":"Smart","potentialAction":[{"@type":"SearchAction","target":{"@type":"EntryPoint","urlTemplate":"https:\/\/smartbizconsultingmd.com\/espanol\/?s={search_term_string}"},"query-input":{"@type":"PropertyValueSpecification","valueRequired":true,"valueName":"search_term_string"}}],"inLanguage":"en-US"},{"@type":"Organization","@id":"https:\/\/smartbizconsultingmd.com\/espanol\/#organization","name":"Smart Business Consulting","url":"https:\/\/smartbizconsultingmd.com\/espanol\/","logo":{"@type":"ImageObject","inLanguage":"en-US","@id":"https:\/\/smartbizconsultingmd.com\/espanol\/#\/schema\/logo\/image\/","url":"https:\/\/smartbizconsultingmd.com\/espanol\/wp-content\/uploads\/2024\/01\/Smart-Business-Consulting-Icon.png","contentUrl":"https:\/\/smartbizconsultingmd.com\/espanol\/wp-content\/uploads\/2024\/01\/Smart-Business-Consulting-Icon.png","width":326,"height":176,"caption":"Smart Business Consulting"},"image":{"@id":"https:\/\/smartbizconsultingmd.com\/espanol\/#\/schema\/logo\/image\/"},"sameAs":["https:\/\/www.facebook.com\/profile.php?id=100090052874257","https:\/\/www.youtube.com\/channel\/UCzWmRjSDizrsOhQEcMiAYPw","https:\/\/www.linkedin.com\/company\/91180779\/admin\/feed\/posts\/"]}]}},"_links":{"self":[{"href":"https:\/\/smartbizconsultingmd.com\/espanol\/wp-json\/wp\/v2\/pages\/4613","targetHints":{"allow":["GET"]}}],"collection":[{"href":"https:\/\/smartbizconsultingmd.com\/espanol\/wp-json\/wp\/v2\/pages"}],"about":[{"href":"https:\/\/smartbizconsultingmd.com\/espanol\/wp-json\/wp\/v2\/types\/page"}],"author":[{"embeddable":true,"href":"https:\/\/smartbizconsultingmd.com\/espanol\/wp-json\/wp\/v2\/users\/1"}],"replies":[{"embeddable":true,"href":"https:\/\/smartbizconsultingmd.com\/espanol\/wp-json\/wp\/v2\/comments?post=4613"}],"version-history":[{"count":32,"href":"https:\/\/smartbizconsultingmd.com\/espanol\/wp-json\/wp\/v2\/pages\/4613\/revisions"}],"predecessor-version":[{"id":6075,"href":"https:\/\/smartbizconsultingmd.com\/espanol\/wp-json\/wp\/v2\/pages\/4613\/revisions\/6075"}],"wp:attachment":[{"href":"https:\/\/smartbizconsultingmd.com\/espanol\/wp-json\/wp\/v2\/media?parent=4613"}],"curies":[{"name":"wp","href":"https:\/\/api.w.org\/{rel}","templated":true}]}}