{"id":5794,"date":"2024-04-02T13:05:48","date_gmt":"2024-04-02T17:05:48","guid":{"rendered":"https:\/\/www.smartbizconsultingmd.com\/?page_id=5794"},"modified":"2024-04-09T00:47:11","modified_gmt":"2024-04-09T04:47:11","slug":"paginas-web-prefabricadas-vs-wordpress-mejor-opcion","status":"publish","type":"page","link":"https:\/\/smartbizconsultingmd.com\/espanol\/paginas-web-prefabricadas-vs-wordpress-mejor-opcion\/","title":{"rendered":"Blog"},"content":{"rendered":"\t\t<div data-elementor-type=\"wp-page\" data-elementor-id=\"5794\" class=\"elementor elementor-5794\">\n\t\t\t\t<div class=\"elementor-element elementor-element-ae81369 e-flex e-con-boxed e-con e-parent\" data-id=\"ae81369\" data-element_type=\"container\" data-e-type=\"container\" data-settings=\"{&quot;background_background&quot;:&quot;classic&quot;}\">\n\t\t\t\t\t<div class=\"e-con-inner\">\n\t\t\t\t<div class=\"elementor-element elementor-element-c8904c0 elementor-widget elementor-widget-heading\" data-id=\"c8904c0\" data-element_type=\"widget\" data-e-type=\"widget\" data-widget_type=\"heading.default\">\n\t\t\t\t<div class=\"elementor-widget-container\">\n\t\t\t\t\t<h1 class=\"elementor-heading-title elementor-size-default\">Smart Business Consulting - Nuestro Blog<\/h1>\t\t\t\t<\/div>\n\t\t\t\t<\/div>\n\t\t\t\t\t<\/div>\n\t\t\t\t<\/div>\n\t\t<div class=\"elementor-element elementor-element-e8c7c23 e-flex e-con-boxed e-con e-parent\" data-id=\"e8c7c23\" data-element_type=\"container\" data-e-type=\"container\" data-settings=\"{&quot;background_background&quot;:&quot;classic&quot;}\">\n\t\t\t\t\t<div class=\"e-con-inner\">\n\t\t<div class=\"elementor-element elementor-element-50f3240 e-con-full e-flex e-con e-child\" data-id=\"50f3240\" data-element_type=\"container\" data-e-type=\"container\">\n\t\t\t\t<div class=\"elementor-element elementor-element-8c178c8 elementor-widget elementor-widget-image\" data-id=\"8c178c8\" data-element_type=\"widget\" data-e-type=\"widget\" data-widget_type=\"image.default\">\n\t\t\t\t<div class=\"elementor-widget-container\">\n\t\t\t\t\t\t\t\t\t\t\t\t\t\t\t\t<a href=\"https:\/\/smartbizconsultingmd.com\/espanol\/is-a-cheap-off-the-shelf-website-a-good-idea\/\">\n\t\t\t\t\t\t\t<img fetchpriority=\"high\" decoding=\"async\" width=\"768\" height=\"586\" src=\"https:\/\/smartbizconsultingmd.com\/espanol\/wp-content\/uploads\/2024\/04\/Cheesy-Website-768x586.png\" class=\"attachment-medium_large size-medium_large wp-image-5840\" alt=\"Cheesy Website\" srcset=\"https:\/\/smartbizconsultingmd.com\/espanol\/wp-content\/uploads\/2024\/04\/Cheesy-Website-768x586.png 768w, https:\/\/smartbizconsultingmd.com\/espanol\/wp-content\/uploads\/2024\/04\/Cheesy-Website-300x229.png 300w, https:\/\/smartbizconsultingmd.com\/espanol\/wp-content\/uploads\/2024\/04\/Cheesy-Website-1024x781.png 1024w, https:\/\/smartbizconsultingmd.com\/espanol\/wp-content\/uploads\/2024\/04\/Cheesy-Website.png 1532w\" sizes=\"(max-width: 768px) 100vw, 768px\" \/>\t\t\t\t\t\t\t\t<\/a>\n\t\t\t\t\t\t\t\t\t\t\t\t\t\t\t<\/div>\n\t\t\t\t<\/div>\n\t\t\t\t<div class=\"elementor-element elementor-element-2190bbe elementor-widget elementor-widget-heading\" data-id=\"2190bbe\" data-element_type=\"widget\" data-e-type=\"widget\" data-widget_type=\"heading.default\">\n\t\t\t\t<div class=\"elementor-widget-container\">\n\t\t\t\t\t<h2 class=\"elementor-heading-title elementor-size-default\"><a href=\"https:\/\/smartbizconsultingmd.com\/espanol\/is-a-cheap-off-the-shelf-website-a-good-idea\/\">\u00bfEs una p\u00e1gina web barata prefabricada una buena idea?<\/a><\/h2>\t\t\t\t<\/div>\n\t\t\t\t<\/div>\n\t\t\t\t<\/div>\n\t\t<div class=\"elementor-element elementor-element-2ab45f2 e-con-full e-flex e-con e-child\" data-id=\"2ab45f2\" data-element_type=\"container\" data-e-type=\"container\">\n\t\t\t\t<div class=\"elementor-element elementor-element-1a9f4f4 elementor-widget elementor-widget-heading\" data-id=\"1a9f4f4\" data-element_type=\"widget\" data-e-type=\"widget\" data-widget_type=\"heading.default\">\n\t\t\t\t<div class=\"elementor-widget-container\">\n\t\t\t\t\t<h2 class=\"elementor-heading-title elementor-size-default\"><a href=\"https:\/\/smartbizconsultingmd.com\/espanol\/the-hidden-costs-of-off-the-shelf-websites-what-they-dont-tell-you\/\">Los Costos Ocultos de las P\u00e1ginas Web Prefabricadas: Lo Que No Te Dicen<\/a><\/h2>\t\t\t\t<\/div>\n\t\t\t\t<\/div>\n\t\t\t\t<div class=\"elementor-element elementor-element-e661da8 elementor-widget elementor-widget-image\" data-id=\"e661da8\" data-element_type=\"widget\" data-e-type=\"widget\" data-widget_type=\"image.default\">\n\t\t\t\t<div class=\"elementor-widget-container\">\n\t\t\t\t\t\t\t\t\t\t\t\t\t\t\t\t<a href=\"https:\/\/smartbizconsultingmd.com\/espanol\/the-hidden-costs-of-off-the-shelf-websites-what-they-dont-tell-you\/\">\n\t\t\t\t\t\t\t<img decoding=\"async\" width=\"1024\" height=\"688\" src=\"https:\/\/smartbizconsultingmd.com\/espanol\/wp-content\/uploads\/2024\/04\/Cost-of-website-1024x688.png\" class=\"attachment-large size-large wp-image-5841\" alt=\"Paying for a website\" srcset=\"https:\/\/smartbizconsultingmd.com\/espanol\/wp-content\/uploads\/2024\/04\/Cost-of-website-1024x688.png 1024w, https:\/\/smartbizconsultingmd.com\/espanol\/wp-content\/uploads\/2024\/04\/Cost-of-website-300x202.png 300w, https:\/\/smartbizconsultingmd.com\/espanol\/wp-content\/uploads\/2024\/04\/Cost-of-website-768x516.png 768w, https:\/\/smartbizconsultingmd.com\/espanol\/wp-content\/uploads\/2024\/04\/Cost-of-website.png 1265w\" sizes=\"(max-width: 1024px) 100vw, 1024px\" \/>\t\t\t\t\t\t\t\t<\/a>\n\t\t\t\t\t\t\t\t\t\t\t\t\t\t\t<\/div>\n\t\t\t\t<\/div>\n\t\t\t\t<\/div>\n\t\t\t\t\t<\/div>\n\t\t\t\t<\/div>\n\t\t<div class=\"elementor-element elementor-element-3006418 e-flex e-con-boxed e-con e-parent\" data-id=\"3006418\" data-element_type=\"container\" data-e-type=\"container\" data-settings=\"{&quot;background_background&quot;:&quot;classic&quot;}\">\n\t\t\t\t\t<div class=\"e-con-inner\">\n\t\t<div class=\"elementor-element elementor-element-90fac60 e-con-full e-flex e-con e-child\" data-id=\"90fac60\" data-element_type=\"container\" data-e-type=\"container\">\n\t\t\t\t<div class=\"elementor-element elementor-element-2aa2051 elementor-widget elementor-widget-image\" data-id=\"2aa2051\" data-element_type=\"widget\" data-e-type=\"widget\" data-widget_type=\"image.default\">\n\t\t\t\t<div class=\"elementor-widget-container\">\n\t\t\t\t\t\t\t\t\t\t\t\t\t\t\t\t<a href=\"https:\/\/smartbizconsultingmd.com\/espanol\/why-you-need-a-wordpress-website\/\">\n\t\t\t\t\t\t\t<img decoding=\"async\" width=\"768\" height=\"631\" src=\"https:\/\/smartbizconsultingmd.com\/espanol\/wp-content\/uploads\/2024\/04\/Complex-website-768x631.png\" class=\"attachment-medium_large size-medium_large wp-image-5846\" alt=\"website broken\" srcset=\"https:\/\/smartbizconsultingmd.com\/espanol\/wp-content\/uploads\/2024\/04\/Complex-website-768x631.png 768w, https:\/\/smartbizconsultingmd.com\/espanol\/wp-content\/uploads\/2024\/04\/Complex-website-300x246.png 300w, https:\/\/smartbizconsultingmd.com\/espanol\/wp-content\/uploads\/2024\/04\/Complex-website-1024x841.png 1024w, https:\/\/smartbizconsultingmd.com\/espanol\/wp-content\/uploads\/2024\/04\/Complex-website.png 1421w\" sizes=\"(max-width: 768px) 100vw, 768px\" \/>\t\t\t\t\t\t\t\t<\/a>\n\t\t\t\t\t\t\t\t\t\t\t\t\t\t\t<\/div>\n\t\t\t\t<\/div>\n\t\t\t\t<div class=\"elementor-element elementor-element-7ed7bb8 elementor-widget__width-initial elementor-widget elementor-widget-heading\" data-id=\"7ed7bb8\" data-element_type=\"widget\" data-e-type=\"widget\" data-widget_type=\"heading.default\">\n\t\t\t\t<div class=\"elementor-widget-container\">\n\t\t\t\t\t<h2 class=\"elementor-heading-title elementor-size-default\"><a href=\"https:\/\/smartbizconsultingmd.com\/espanol\/why-you-need-a-wordpress-website\/\">\u00a1Por qu\u00e9 querr\u00e1s tener un sitio web de WordPress!<\/a><\/h2>\t\t\t\t<\/div>\n\t\t\t\t<\/div>\n\t\t\t\t<\/div>\n\t\t<div class=\"elementor-element elementor-element-1314fa8 e-con-full e-flex e-con e-child\" data-id=\"1314fa8\" data-element_type=\"container\" data-e-type=\"container\">\n\t\t\t\t<div class=\"elementor-element elementor-element-a3439b9 elementor-widget elementor-widget-heading\" data-id=\"a3439b9\" data-element_type=\"widget\" data-e-type=\"widget\" data-widget_type=\"heading.default\">\n\t\t\t\t<div class=\"elementor-widget-container\">\n\t\t\t\t\t<h2 class=\"elementor-heading-title elementor-size-default\"><a href=\"https:\/\/smartbizconsultingmd.com\/espanol\/are-google-reviews-a-big-deal\/\">\u00bfSon importantes las rese\u00f1as de Google?<\/a><\/h2>\t\t\t\t<\/div>\n\t\t\t\t<\/div>\n\t\t\t\t<div class=\"elementor-element elementor-element-b4f34c0 elementor-widget elementor-widget-image\" data-id=\"b4f34c0\" data-element_type=\"widget\" data-e-type=\"widget\" data-widget_type=\"image.default\">\n\t\t\t\t<div class=\"elementor-widget-container\">\n\t\t\t\t\t\t\t\t\t\t\t\t\t\t\t\t<a href=\"https:\/\/smartbizconsultingmd.com\/espanol\/are-google-reviews-a-big-deal\/\">\n\t\t\t\t\t\t\t<img loading=\"lazy\" decoding=\"async\" width=\"379\" height=\"196\" src=\"https:\/\/smartbizconsultingmd.com\/espanol\/wp-content\/uploads\/2024\/04\/Request-Google-Review.png\" class=\"attachment-large size-large wp-image-5847\" alt=\"Request Reviews\" srcset=\"https:\/\/smartbizconsultingmd.com\/espanol\/wp-content\/uploads\/2024\/04\/Request-Google-Review.png 379w, https:\/\/smartbizconsultingmd.com\/espanol\/wp-content\/uploads\/2024\/04\/Request-Google-Review-300x155.png 300w\" sizes=\"(max-width: 379px) 100vw, 379px\" \/>\t\t\t\t\t\t\t\t<\/a>\n\t\t\t\t\t\t\t\t\t\t\t\t\t\t\t<\/div>\n\t\t\t\t<\/div>\n\t\t\t\t<\/div>\n\t\t\t\t\t<\/div>\n\t\t\t\t<\/div>\n\t\t<div class=\"elementor-element elementor-element-14ff176 e-flex e-con-boxed e-con e-parent\" data-id=\"14ff176\" data-element_type=\"container\" data-e-type=\"container\" data-settings=\"{&quot;background_background&quot;:&quot;classic&quot;}\">\n\t\t\t\t\t<div class=\"e-con-inner\">\n\t\t<div class=\"elementor-element elementor-element-411c07f e-con-full e-flex e-con e-child\" data-id=\"411c07f\" data-element_type=\"container\" data-e-type=\"container\">\n\t\t\t\t<div class=\"elementor-element elementor-element-b8b04dd elementor-widget elementor-widget-image\" data-id=\"b8b04dd\" data-element_type=\"widget\" data-e-type=\"widget\" data-widget_type=\"image.default\">\n\t\t\t\t<div class=\"elementor-widget-container\">\n\t\t\t\t\t\t\t\t\t\t\t\t\t\t\t\t<a href=\"https:\/\/smartbizconsultingmd.com\/espanol\/what-is-wordpress\/\">\n\t\t\t\t\t\t\t<img loading=\"lazy\" decoding=\"async\" width=\"768\" height=\"402\" src=\"https:\/\/smartbizconsultingmd.com\/espanol\/wp-content\/uploads\/2024\/04\/WordPress-768x402.png\" class=\"attachment-medium_large size-medium_large wp-image-6001\" alt=\"WordPress\" srcset=\"https:\/\/smartbizconsultingmd.com\/espanol\/wp-content\/uploads\/2024\/04\/WordPress-768x402.png 768w, https:\/\/smartbizconsultingmd.com\/espanol\/wp-content\/uploads\/2024\/04\/WordPress-300x157.png 300w, https:\/\/smartbizconsultingmd.com\/espanol\/wp-content\/uploads\/2024\/04\/WordPress-1024x536.png 1024w, https:\/\/smartbizconsultingmd.com\/espanol\/wp-content\/uploads\/2024\/04\/WordPress.png 1272w\" sizes=\"(max-width: 768px) 100vw, 768px\" \/>\t\t\t\t\t\t\t\t<\/a>\n\t\t\t\t\t\t\t\t\t\t\t\t\t\t\t<\/div>\n\t\t\t\t<\/div>\n\t\t\t\t<div class=\"elementor-element elementor-element-5337fd5 elementor-widget__width-initial elementor-widget elementor-widget-heading\" data-id=\"5337fd5\" data-element_type=\"widget\" data-e-type=\"widget\" data-widget_type=\"heading.default\">\n\t\t\t\t<div class=\"elementor-widget-container\">\n\t\t\t\t\t<h2 class=\"elementor-heading-title elementor-size-default\"><a href=\"https:\/\/smartbizconsultingmd.com\/espanol\/what-is-wordpress\/\">Que es WordPress?<\/a><\/h2>\t\t\t\t<\/div>\n\t\t\t\t<\/div>\n\t\t\t\t<\/div>\n\t\t\t\t\t<\/div>\n\t\t\t\t<\/div>\n\t\t\t\t<\/div>\n\t\t","protected":false},"excerpt":{"rendered":"<p>Smart Business Consulting &#8211; Nuestro Blog \u00bfEs una p\u00e1gina web barata prefabricada una buena idea? Los Costos Ocultos de las P\u00e1ginas Web Prefabricadas: Lo Que No Te Dicen \u00a1Por qu\u00e9 querr\u00e1s tener un sitio web de WordPress! \u00bfSon importantes las rese\u00f1as de Google? Que es WordPress?<\/p>\n","protected":false},"author":1,"featured_media":0,"parent":0,"menu_order":0,"comment_status":"closed","ping_status":"closed","template":"","meta":{"_gutenify_countdown_timer_type":"fixed","_gutenify_countdown_timer_evergreen_hours":24,"_gutenify_countdown_timer_evergreen_minutes":0,"_gutenify_countdown_timer_date":"","_gutenify_countdown_timer_timezone":"US\/Eastern","_gutenify_countdown_timer_end_action":"none","_gutenify_countdown_timer_hide_selector":"","_gutenify_countdown_timer_redirect_url":"","_glsr_average":0,"_glsr_ranking":0,"_glsr_reviews":0,"footnotes":""},"class_list":["post-5794","page","type-page","status-publish","hentry"],"blocksy_meta":[],"yoast_head":"<!-- This site is optimized with the Yoast SEO plugin v27.5 - https:\/\/yoast.com\/product\/yoast-seo-wordpress\/ -->\n<title>Blog | Dise\u00f1ador de Paginas Web<\/title>\n<meta name=\"description\" content=\"Descubre en nuestro blog de Smart Business Consulting los aspectos clave sobre p\u00e1ginas web prefabricadas, los costos ocultos que debes conocer y por qu\u00e9 deber\u00edas considerar un sitio web de WordPress. Adem\u00e1s, aprende sobre la importancia de las rese\u00f1as de Google y c\u00f3mo solicitarlas. \u00a1No te pierdas nuestros consejos para potenciar tu presencia en l\u00ednea!\" \/>\n<meta name=\"robots\" content=\"index, follow, max-snippet:-1, max-image-preview:large, max-video-preview:-1\" \/>\n<link rel=\"canonical\" href=\"https:\/\/smartbizconsultingmd.com\/espanol\/paginas-web-prefabricadas-vs-wordpress-mejor-opcion\/\" \/>\n<meta property=\"og:locale\" content=\"en_US\" \/>\n<meta property=\"og:type\" content=\"article\" \/>\n<meta property=\"og:title\" content=\"Blog | Dise\u00f1ador de Paginas Web\" \/>\n<meta property=\"og:description\" content=\"Descubre en nuestro blog de Smart Business Consulting los aspectos clave sobre p\u00e1ginas web prefabricadas, los costos ocultos que debes conocer y por qu\u00e9 deber\u00edas considerar un sitio web de WordPress. Adem\u00e1s, aprende sobre la importancia de las rese\u00f1as de Google y c\u00f3mo solicitarlas. \u00a1No te pierdas nuestros consejos para potenciar tu presencia en l\u00ednea!\" \/>\n<meta property=\"og:url\" content=\"https:\/\/smartbizconsultingmd.com\/espanol\/paginas-web-prefabricadas-vs-wordpress-mejor-opcion\/\" \/>\n<meta property=\"og:site_name\" content=\"Dise\u00f1ador de Paginas Web\" \/>\n<meta property=\"article:publisher\" content=\"https:\/\/www.facebook.com\/profile.php?id=100090052874257\" \/>\n<meta property=\"article:modified_time\" content=\"2024-04-09T04:47:11+00:00\" \/>\n<meta property=\"og:image\" content=\"https:\/\/smartbizconsultingmd.com\/espanol\/wp-content\/uploads\/2024\/04\/Cheesy-Website-768x586.png\" \/>\n<meta name=\"twitter:card\" content=\"summary_large_image\" \/>\n<meta name=\"twitter:label1\" content=\"Est. reading time\" \/>\n\t<meta name=\"twitter:data1\" content=\"2 minutes\" \/>\n<script type=\"application\/ld+json\" class=\"yoast-schema-graph\">{\"@context\":\"https:\\\/\\\/schema.org\",\"@graph\":[{\"@type\":\"WebPage\",\"@id\":\"https:\\\/\\\/smartbizconsultingmd.com\\\/espanol\\\/paginas-web-prefabricadas-vs-wordpress-mejor-opcion\\\/\",\"url\":\"https:\\\/\\\/smartbizconsultingmd.com\\\/espanol\\\/paginas-web-prefabricadas-vs-wordpress-mejor-opcion\\\/\",\"name\":\"Blog | Dise\u00f1ador de Paginas Web\",\"isPartOf\":{\"@id\":\"https:\\\/\\\/smartbizconsultingmd.com\\\/espanol\\\/#website\"},\"primaryImageOfPage\":{\"@id\":\"https:\\\/\\\/smartbizconsultingmd.com\\\/espanol\\\/paginas-web-prefabricadas-vs-wordpress-mejor-opcion\\\/#primaryimage\"},\"image\":{\"@id\":\"https:\\\/\\\/smartbizconsultingmd.com\\\/espanol\\\/paginas-web-prefabricadas-vs-wordpress-mejor-opcion\\\/#primaryimage\"},\"thumbnailUrl\":\"https:\\\/\\\/smartbizconsultingmd.com\\\/espanol\\\/wp-content\\\/uploads\\\/2024\\\/04\\\/Cheesy-Website-768x586.png\",\"datePublished\":\"2024-04-02T17:05:48+00:00\",\"dateModified\":\"2024-04-09T04:47:11+00:00\",\"description\":\"Descubre en nuestro blog de Smart Business Consulting los aspectos clave sobre p\u00e1ginas web prefabricadas, los costos ocultos que debes conocer y por qu\u00e9 deber\u00edas considerar un sitio web de WordPress. Adem\u00e1s, aprende sobre la importancia de las rese\u00f1as de Google y c\u00f3mo solicitarlas. \u00a1No te pierdas nuestros consejos para potenciar tu presencia en l\u00ednea!\",\"breadcrumb\":{\"@id\":\"https:\\\/\\\/smartbizconsultingmd.com\\\/espanol\\\/paginas-web-prefabricadas-vs-wordpress-mejor-opcion\\\/#breadcrumb\"},\"inLanguage\":\"en-US\",\"potentialAction\":[{\"@type\":\"ReadAction\",\"target\":[\"https:\\\/\\\/smartbizconsultingmd.com\\\/espanol\\\/paginas-web-prefabricadas-vs-wordpress-mejor-opcion\\\/\"]}]},{\"@type\":\"ImageObject\",\"inLanguage\":\"en-US\",\"@id\":\"https:\\\/\\\/smartbizconsultingmd.com\\\/espanol\\\/paginas-web-prefabricadas-vs-wordpress-mejor-opcion\\\/#primaryimage\",\"url\":\"https:\\\/\\\/smartbizconsultingmd.com\\\/espanol\\\/wp-content\\\/uploads\\\/2024\\\/04\\\/Cheesy-Website.png\",\"contentUrl\":\"https:\\\/\\\/smartbizconsultingmd.com\\\/espanol\\\/wp-content\\\/uploads\\\/2024\\\/04\\\/Cheesy-Website.png\",\"width\":1532,\"height\":1169,\"caption\":\"Cheesy Website\"},{\"@type\":\"BreadcrumbList\",\"@id\":\"https:\\\/\\\/smartbizconsultingmd.com\\\/espanol\\\/paginas-web-prefabricadas-vs-wordpress-mejor-opcion\\\/#breadcrumb\",\"itemListElement\":[{\"@type\":\"ListItem\",\"position\":1,\"name\":\"Home\",\"item\":\"https:\\\/\\\/smartbizconsultingmd.com\\\/espanol\\\/\"},{\"@type\":\"ListItem\",\"position\":2,\"name\":\"Blog\"}]},{\"@type\":\"WebSite\",\"@id\":\"https:\\\/\\\/smartbizconsultingmd.com\\\/espanol\\\/#website\",\"url\":\"https:\\\/\\\/smartbizconsultingmd.com\\\/espanol\\\/\",\"name\":\"Smart Business Consulting\",\"description\":\"Smart Business Consulting LLC\",\"publisher\":{\"@id\":\"https:\\\/\\\/smartbizconsultingmd.com\\\/espanol\\\/#organization\"},\"alternateName\":\"Smart\",\"potentialAction\":[{\"@type\":\"SearchAction\",\"target\":{\"@type\":\"EntryPoint\",\"urlTemplate\":\"https:\\\/\\\/smartbizconsultingmd.com\\\/espanol\\\/?s={search_term_string}\"},\"query-input\":{\"@type\":\"PropertyValueSpecification\",\"valueRequired\":true,\"valueName\":\"search_term_string\"}}],\"inLanguage\":\"en-US\"},{\"@type\":\"Organization\",\"@id\":\"https:\\\/\\\/smartbizconsultingmd.com\\\/espanol\\\/#organization\",\"name\":\"Smart Business Consulting\",\"url\":\"https:\\\/\\\/smartbizconsultingmd.com\\\/espanol\\\/\",\"logo\":{\"@type\":\"ImageObject\",\"inLanguage\":\"en-US\",\"@id\":\"https:\\\/\\\/smartbizconsultingmd.com\\\/espanol\\\/#\\\/schema\\\/logo\\\/image\\\/\",\"url\":\"https:\\\/\\\/smartbizconsultingmd.com\\\/espanol\\\/wp-content\\\/uploads\\\/2024\\\/01\\\/Smart-Business-Consulting-Icon.png\",\"contentUrl\":\"https:\\\/\\\/smartbizconsultingmd.com\\\/espanol\\\/wp-content\\\/uploads\\\/2024\\\/01\\\/Smart-Business-Consulting-Icon.png\",\"width\":326,\"height\":176,\"caption\":\"Smart Business Consulting\"},\"image\":{\"@id\":\"https:\\\/\\\/smartbizconsultingmd.com\\\/espanol\\\/#\\\/schema\\\/logo\\\/image\\\/\"},\"sameAs\":[\"https:\\\/\\\/www.facebook.com\\\/profile.php?id=100090052874257\",\"https:\\\/\\\/www.youtube.com\\\/channel\\\/UCzWmRjSDizrsOhQEcMiAYPw\",\"https:\\\/\\\/www.linkedin.com\\\/company\\\/91180779\\\/admin\\\/feed\\\/posts\\\/\"]}]}<\/script>\n<!-- \/ Yoast SEO plugin. -->","yoast_head_json":{"title":"Blog | Dise\u00f1ador de Paginas Web","description":"Descubre en nuestro blog de Smart Business Consulting los aspectos clave sobre p\u00e1ginas web prefabricadas, los costos ocultos que debes conocer y por qu\u00e9 deber\u00edas considerar un sitio web de WordPress. Adem\u00e1s, aprende sobre la importancia de las rese\u00f1as de Google y c\u00f3mo solicitarlas. \u00a1No te pierdas nuestros consejos para potenciar tu presencia en l\u00ednea!","robots":{"index":"index","follow":"follow","max-snippet":"max-snippet:-1","max-image-preview":"max-image-preview:large","max-video-preview":"max-video-preview:-1"},"canonical":"https:\/\/smartbizconsultingmd.com\/espanol\/paginas-web-prefabricadas-vs-wordpress-mejor-opcion\/","og_locale":"en_US","og_type":"article","og_title":"Blog | Dise\u00f1ador de Paginas Web","og_description":"Descubre en nuestro blog de Smart Business Consulting los aspectos clave sobre p\u00e1ginas web prefabricadas, los costos ocultos que debes conocer y por qu\u00e9 deber\u00edas considerar un sitio web de WordPress. Adem\u00e1s, aprende sobre la importancia de las rese\u00f1as de Google y c\u00f3mo solicitarlas. \u00a1No te pierdas nuestros consejos para potenciar tu presencia en l\u00ednea!","og_url":"https:\/\/smartbizconsultingmd.com\/espanol\/paginas-web-prefabricadas-vs-wordpress-mejor-opcion\/","og_site_name":"Dise\u00f1ador de Paginas Web","article_publisher":"https:\/\/www.facebook.com\/profile.php?id=100090052874257","article_modified_time":"2024-04-09T04:47:11+00:00","og_image":[{"url":"https:\/\/smartbizconsultingmd.com\/espanol\/wp-content\/uploads\/2024\/04\/Cheesy-Website-768x586.png","type":"","width":"","height":""}],"twitter_card":"summary_large_image","twitter_misc":{"Est. reading time":"2 minutes"},"schema":{"@context":"https:\/\/schema.org","@graph":[{"@type":"WebPage","@id":"https:\/\/smartbizconsultingmd.com\/espanol\/paginas-web-prefabricadas-vs-wordpress-mejor-opcion\/","url":"https:\/\/smartbizconsultingmd.com\/espanol\/paginas-web-prefabricadas-vs-wordpress-mejor-opcion\/","name":"Blog | Dise\u00f1ador de Paginas Web","isPartOf":{"@id":"https:\/\/smartbizconsultingmd.com\/espanol\/#website"},"primaryImageOfPage":{"@id":"https:\/\/smartbizconsultingmd.com\/espanol\/paginas-web-prefabricadas-vs-wordpress-mejor-opcion\/#primaryimage"},"image":{"@id":"https:\/\/smartbizconsultingmd.com\/espanol\/paginas-web-prefabricadas-vs-wordpress-mejor-opcion\/#primaryimage"},"thumbnailUrl":"https:\/\/smartbizconsultingmd.com\/espanol\/wp-content\/uploads\/2024\/04\/Cheesy-Website-768x586.png","datePublished":"2024-04-02T17:05:48+00:00","dateModified":"2024-04-09T04:47:11+00:00","description":"Descubre en nuestro blog de Smart Business Consulting los aspectos clave sobre p\u00e1ginas web prefabricadas, los costos ocultos que debes conocer y por qu\u00e9 deber\u00edas considerar un sitio web de WordPress. Adem\u00e1s, aprende sobre la importancia de las rese\u00f1as de Google y c\u00f3mo solicitarlas. \u00a1No te pierdas nuestros consejos para potenciar tu presencia en l\u00ednea!","breadcrumb":{"@id":"https:\/\/smartbizconsultingmd.com\/espanol\/paginas-web-prefabricadas-vs-wordpress-mejor-opcion\/#breadcrumb"},"inLanguage":"en-US","potentialAction":[{"@type":"ReadAction","target":["https:\/\/smartbizconsultingmd.com\/espanol\/paginas-web-prefabricadas-vs-wordpress-mejor-opcion\/"]}]},{"@type":"ImageObject","inLanguage":"en-US","@id":"https:\/\/smartbizconsultingmd.com\/espanol\/paginas-web-prefabricadas-vs-wordpress-mejor-opcion\/#primaryimage","url":"https:\/\/smartbizconsultingmd.com\/espanol\/wp-content\/uploads\/2024\/04\/Cheesy-Website.png","contentUrl":"https:\/\/smartbizconsultingmd.com\/espanol\/wp-content\/uploads\/2024\/04\/Cheesy-Website.png","width":1532,"height":1169,"caption":"Cheesy Website"},{"@type":"BreadcrumbList","@id":"https:\/\/smartbizconsultingmd.com\/espanol\/paginas-web-prefabricadas-vs-wordpress-mejor-opcion\/#breadcrumb","itemListElement":[{"@type":"ListItem","position":1,"name":"Home","item":"https:\/\/smartbizconsultingmd.com\/espanol\/"},{"@type":"ListItem","position":2,"name":"Blog"}]},{"@type":"WebSite","@id":"https:\/\/smartbizconsultingmd.com\/espanol\/#website","url":"https:\/\/smartbizconsultingmd.com\/espanol\/","name":"Smart Business Consulting","description":"Smart Business Consulting LLC","publisher":{"@id":"https:\/\/smartbizconsultingmd.com\/espanol\/#organization"},"alternateName":"Smart","potentialAction":[{"@type":"SearchAction","target":{"@type":"EntryPoint","urlTemplate":"https:\/\/smartbizconsultingmd.com\/espanol\/?s={search_term_string}"},"query-input":{"@type":"PropertyValueSpecification","valueRequired":true,"valueName":"search_term_string"}}],"inLanguage":"en-US"},{"@type":"Organization","@id":"https:\/\/smartbizconsultingmd.com\/espanol\/#organization","name":"Smart Business Consulting","url":"https:\/\/smartbizconsultingmd.com\/espanol\/","logo":{"@type":"ImageObject","inLanguage":"en-US","@id":"https:\/\/smartbizconsultingmd.com\/espanol\/#\/schema\/logo\/image\/","url":"https:\/\/smartbizconsultingmd.com\/espanol\/wp-content\/uploads\/2024\/01\/Smart-Business-Consulting-Icon.png","contentUrl":"https:\/\/smartbizconsultingmd.com\/espanol\/wp-content\/uploads\/2024\/01\/Smart-Business-Consulting-Icon.png","width":326,"height":176,"caption":"Smart Business Consulting"},"image":{"@id":"https:\/\/smartbizconsultingmd.com\/espanol\/#\/schema\/logo\/image\/"},"sameAs":["https:\/\/www.facebook.com\/profile.php?id=100090052874257","https:\/\/www.youtube.com\/channel\/UCzWmRjSDizrsOhQEcMiAYPw","https:\/\/www.linkedin.com\/company\/91180779\/admin\/feed\/posts\/"]}]}},"_links":{"self":[{"href":"https:\/\/smartbizconsultingmd.com\/espanol\/wp-json\/wp\/v2\/pages\/5794","targetHints":{"allow":["GET"]}}],"collection":[{"href":"https:\/\/smartbizconsultingmd.com\/espanol\/wp-json\/wp\/v2\/pages"}],"about":[{"href":"https:\/\/smartbizconsultingmd.com\/espanol\/wp-json\/wp\/v2\/types\/page"}],"author":[{"embeddable":true,"href":"https:\/\/smartbizconsultingmd.com\/espanol\/wp-json\/wp\/v2\/users\/1"}],"replies":[{"embeddable":true,"href":"https:\/\/smartbizconsultingmd.com\/espanol\/wp-json\/wp\/v2\/comments?post=5794"}],"version-history":[{"count":95,"href":"https:\/\/smartbizconsultingmd.com\/espanol\/wp-json\/wp\/v2\/pages\/5794\/revisions"}],"predecessor-version":[{"id":6094,"href":"https:\/\/smartbizconsultingmd.com\/espanol\/wp-json\/wp\/v2\/pages\/5794\/revisions\/6094"}],"wp:attachment":[{"href":"https:\/\/smartbizconsultingmd.com\/espanol\/wp-json\/wp\/v2\/media?parent=5794"}],"curies":[{"name":"wp","href":"https:\/\/api.w.org\/{rel}","templated":true}]}}